

{"id":17,"date":"2013-04-12T18:34:02","date_gmt":"2013-04-12T18:34:02","guid":{"rendered":"http:\/\/gradmat.ufabc.edu.br\/disciplinas\/alglin\/?page_id=17"},"modified":"2023-02-06T13:31:26","modified_gmt":"2023-02-06T13:31:26","slug":"notas-de-aulas","status":"publish","type":"page","link":"https:\/\/gradmat.ufabc.edu.br\/disciplinas\/alglin\/notas-de-aulas\/","title":{"rendered":"Material Adicional"},"content":{"rendered":"<header>\n<h2>Notas de Aula &#8211; Jer\u00f4nimo C. Pellegrini<\/h2>\n<\/header>\n<div><strong>Aviso:<\/strong>\u00a0 as notas de aulas est\u00e3o sendo revisadas, portanto as vers\u00f5es posteriores podem apresentar mudan\u00e7as (esperamos que n\u00e3o muito profundas) de estilo e conte\u00fado.<\/div>\n<div>\u00a0<\/div>\n<div>Caso encontre algum erro ou tenha sugest\u00f5es de melhoria, entre em contato diretamente com o professor Jer\u00f4nimo.<\/div>\n<p><a href=\"http:\/\/aleph0.info\/cursos\/al\/notas\/al.pdf\">Notas de Aula &#8211; \u00c1lgebra Linear &#8211; vers\u00e3o 142<\/a><\/p>\n\n\n<h2>Notas de Aula e Videoaulas &#8211; Rodrigo Fresneda<\/h2>\n\n\n\n<p><a href=\"https:\/\/sites.google.com\/ufabc.edu.br\/fresneda\/recursos\">Notas de aula<\/a><\/p>\n\n\n\n<p><a href=\"http:\/\/youtube.com\/@RodrigoFresneda\">V\u00eddeos<\/a><\/p>\n","protected":false},"excerpt":{"rendered":"<p>Notas de Aula &#8211; Jer\u00f4nimo C. Pellegrini Aviso:\u00a0 as notas de aulas est\u00e3o sendo revisadas, portanto as vers\u00f5es posteriores podem apresentar mudan\u00e7as (esperamos&#8230;<\/p>\n","protected":false},"author":1,"featured_media":0,"parent":0,"menu_order":0,"comment_status":"open","ping_status":"open","template":"","meta":{"_mi_skip_tracking":false},"_links":{"self":[{"href":"https:\/\/gradmat.ufabc.edu.br\/disciplinas\/alglin\/wp-json\/wp\/v2\/pages\/17"}],"collection":[{"href":"https:\/\/gradmat.ufabc.edu.br\/disciplinas\/alglin\/wp-json\/wp\/v2\/pages"}],"about":[{"href":"https:\/\/gradmat.ufabc.edu.br\/disciplinas\/alglin\/wp-json\/wp\/v2\/types\/page"}],"author":[{"embeddable":true,"href":"https:\/\/gradmat.ufabc.edu.br\/disciplinas\/alglin\/wp-json\/wp\/v2\/users\/1"}],"replies":[{"embeddable":true,"href":"https:\/\/gradmat.ufabc.edu.br\/disciplinas\/alglin\/wp-json\/wp\/v2\/comments?post=17"}],"version-history":[{"count":11,"href":"https:\/\/gradmat.ufabc.edu.br\/disciplinas\/alglin\/wp-json\/wp\/v2\/pages\/17\/revisions"}],"predecessor-version":[{"id":159,"href":"https:\/\/gradmat.ufabc.edu.br\/disciplinas\/alglin\/wp-json\/wp\/v2\/pages\/17\/revisions\/159"}],"wp:attachment":[{"href":"https:\/\/gradmat.ufabc.edu.br\/disciplinas\/alglin\/wp-json\/wp\/v2\/media?parent=17"}],"curies":[{"name":"wp","href":"https:\/\/api.w.org\/{rel}","templated":true}]}}