

{"id":2,"date":"2013-01-19T19:23:38","date_gmt":"2013-01-19T19:23:38","guid":{"rendered":"http:\/\/gradmat.ufabc.edu.br\/disciplinas\/alglin\/?page_id=2"},"modified":"2021-05-20T18:30:59","modified_gmt":"2021-05-20T18:30:59","slug":"sample-page","status":"publish","type":"page","link":"https:\/\/gradmat.ufabc.edu.br\/disciplinas\/alglin\/","title":{"rendered":"\u00c1lgebra Linear"},"content":{"rendered":"<h2>\u00c1lgebra Linear<a href=\"http:\/\/gradmat.ufabc.edu.br\/disciplinas\/alglin\/wp-content\/uploads\/sites\/8\/2013\/01\/planos2.png\" data-rel=\"lightbox-image-0\" data-rl_title=\"\" data-rl_caption=\"\" title=\"\"><img decoding=\"async\" loading=\"lazy\" class=\"wp-image-28 alignright\" src=\"http:\/\/gradmat.ufabc.edu.br\/disciplinas\/alglin\/wp-content\/uploads\/sites\/8\/2013\/01\/planos2.png\" alt=\"planos2\" width=\"200\" height=\"772\" \/><\/a><\/h2>\n<p>Esta p\u00e1gina tem por objetivo servir de apoio aos estudantes da disciplina\u00a0<em>MCTB001-13 \u2013 \u00c1lgebra Linear<\/em>. Aqui voc\u00ea encontrar\u00e1 listas de exerc\u00edcios, assim como outras informa\u00e7\u00f5es \u00fateis. Clicando no link de cada professor, quando dispon\u00edvel, voc\u00ea poder\u00e1 encontrar informa\u00e7\u00f5es espec\u00edficas de cada\u00a0turma.<\/p>\n<h2>DISCIPLINAS PR\u00c9VIAS RECOMENDADAS:<\/h2>\n<p><a href=\"http:\/\/gradmat.ufabc.edu.br\/disciplinas\/ga\/\">Geometria Anal\u00edtica <\/a><\/p>\n<ul>\n<li>Veja o grafo de<a href=\"http:\/\/gradmat.ufabc.edu.br\/disciplinas\/wp-content\/uploads\/2013\/01\/recomendacoes2.pdf\" target=\"_blank\" rel=\"noopener noreferrer\">\u00a0recomenda\u00e7\u00f5es<\/a><\/li>\n<\/ul>\n<h1><strong>Conte\u00fado Program\u00e1tico:<\/strong><\/h1>\n<p lang=\"en-US\" align=\"left\"><span style=\"color: #000000\"><span style=\"font-family: Times New Roman,serif\"><span style=\"font-size: medium\"><span style=\"color: #262626\"><span style=\"font-family: Calibri,serif\"><span style=\"font-size: small\"><span lang=\"pt-BR\">Sistemas de Equa\u00e7\u00f5es Lineares: Sistemas e matrizes. Matrizes escalonadas. Sistemas homog\u00eaneos. Posto e Nulidade de uma matriz. Determinantes. Espa\u00e7o Vetorial: Defini\u00e7\u00e3o e exemplos. Subespa\u00e7os vetoriais. Combina\u00e7\u00e3o linear. Depend\u00eancia e independ\u00eancia linear. Base de um espa\u00e7o vetorial e mudan\u00e7a de base. Produto interno. Transforma\u00e7\u00f5es Lineares: Defini\u00e7\u00e3o de transforma\u00e7\u00e3o linear e exemplos. N\u00facleo e imagem de uma transforma\u00e7\u00e3o linear. Transforma\u00e7\u00f5es lineares e matrizes. Matriz mudan\u00e7a de base. Autovalores e Autovetores: Polin\u00f4mio caracter\u00edstico. Base de autovetores. Diagonaliza\u00e7\u00e3o de operadores.<\/span><\/span><\/span><\/span><\/span><\/span><\/span><\/p>\n<p lang=\"en-US\" align=\"left\"><span style=\"color: #000000\"><span style=\"font-family: Times New Roman,serif\"><span style=\"font-size: medium\"><span style=\"color: #262626\"><span style=\"font-family: Calibri,serif\"><span style=\"font-size: small\"><span lang=\"pt-BR\"><b>Bibliografia B\u00e1sica<\/b><\/span><\/span><\/span><\/span><\/span><\/span><\/span><\/p>\n<ol>\n<li><span lang=\"pt-BR\">ANTON, H.; RORRES, C. <\/span><span lang=\"pt-BR\"><b>\u00c1lgebra Linear com Aplica\u00e7\u00f5es<\/b><\/span><span lang=\"pt-BR\">. 8. ed. Porto Alegre: Bookman, 2001.<\/span><\/li>\n<li><span lang=\"pt-BR\">APOSTOL, T. M. <\/span><span lang=\"pt-BR\"><b>C\u00e1lculo II<\/b><\/span><span lang=\"pt-BR\">: c\u00e1lculo com fun\u00e7\u00f5es de v\u00e1rias vari\u00e1veis e \u00e1lgebra linear, com aplica\u00e7\u00f5es \u00e0s equa\u00e7\u00f5es diferenciais e \u00e0s probabilidades.<\/span><span lang=\"pt-BR\"> Waltham: Revert\u00e9, 1996.<\/span><\/li>\n<li><span lang=\"pt-BR\">BOLDRINI, J. L.; COSTA, S. L. R.; FIGUEIREDO, V. L.; WETZLER, H. G. <\/span><span lang=\"pt-BR\"><b>\u00c1lgebra Linear<\/b><\/span><span lang=\"pt-BR\">. 3. ed. S\u00e3o Paulo: Harbra, 1986.<\/span><\/li>\n<\/ol>\n<p lang=\"en-US\" align=\"left\"><span style=\"color: #000000\"><span style=\"font-family: Times New Roman,serif\"><span style=\"font-size: medium\"><span style=\"color: #262626\"><span style=\"font-family: Calibri,serif\"><span style=\"font-size: small\"><span lang=\"pt-BR\"><b>Bibliografia Complementar<\/b><\/span><\/span><\/span><\/span><\/span><\/span><\/span><\/p>\n<ol start=\"4\">\n<li>\n<p class=\"bibliografias-western\" lang=\"en-US\"><span style=\"font-family: Calibri,serif\">AXLER, S. <\/span><span style=\"font-family: Calibri,serif\"><b>Linear Algebra Done Right<\/b><\/span><span style=\"font-family: Calibri,serif\">. 3rd ed. New York: Springer-Verlag, 2015.<\/span><\/p>\n<\/li>\n<li>\n<p class=\"bibliografias-western\" lang=\"en-US\"><span style=\"font-family: Calibri,serif\"><span lang=\"pt-BR\">CALLIOLI, C. A.; DOMINGUES, H. H.; COSTA, R. C. F. <\/span><\/span><span style=\"font-family: Calibri,serif\"><span lang=\"pt-BR\"><b>\u00c1lgebra Linear e Aplica\u00e7\u00f5es<\/b><\/span><\/span><span style=\"font-family: Calibri,serif\"><span lang=\"pt-BR\">. 6. ed. S\u00e3o Paulo: Atual, 1990.<\/span><\/span><\/p>\n<\/li>\n<li>\n<p class=\"bibliografias-western\" lang=\"en-US\"><span style=\"font-family: Calibri,serif\"><span lang=\"pt-BR\">COELHO, F. U.; LOUREN\u00c7O, M. L. <\/span><\/span><span style=\"font-family: Calibri,serif\"><span lang=\"pt-BR\"><b>Um curso de \u00c1lgebra Linear<\/b><\/span><\/span><span style=\"font-family: Calibri,serif\"><span lang=\"pt-BR\">. 2. ed. S\u00e3o Paulo: Edusp, 2005.<\/span><\/span><\/p>\n<\/li>\n<li>\n<p class=\"bibliografias-western\" lang=\"en-US\"><span style=\"font-family: Calibri,serif\">HOFFMAN, K.; KUNZE, R. A. <\/span><span style=\"font-family: Calibri,serif\"><b>Linear Algebra<\/b><\/span><span style=\"font-family: Calibri,serif\">. 2nd ed. Upper Saddle River: Prentice Hall, 1971.<\/span><\/p>\n<\/li>\n<li>\n<p class=\"bibliografias-western\" lang=\"en-US\">LANG, S. <b>Linear Algebra<\/b>. 3rd ed. New York: Springer-Verlag, 1987.<\/p>\n<\/li>\n<li>\n<p class=\"bibliografias-western\" lang=\"en-US\"><span style=\"font-family: Calibri,serif\"><span lang=\"pt-BR\">LIMA, E. L. <\/span><\/span><span style=\"font-family: Calibri,serif\"><span lang=\"pt-BR\"><b>\u00c1lgebra Linear<\/b><\/span><\/span><span style=\"font-family: Calibri,serif\"><span lang=\"pt-BR\">. 7. ed. Rio de Janeiro: IMPA, 2003.<\/span><\/span><\/p>\n<\/li>\n<\/ol>\n","protected":false},"excerpt":{"rendered":"<p>\u00c1lgebra Linear Esta p\u00e1gina tem por objetivo servir de apoio aos estudantes da disciplina\u00a0MCTB001-13 \u2013 \u00c1lgebra Linear. Aqui voc\u00ea encontrar\u00e1 listas de exerc\u00edcios,&#8230;<\/p>\n","protected":false},"author":1,"featured_media":0,"parent":0,"menu_order":0,"comment_status":"open","ping_status":"open","template":"","meta":{"_mi_skip_tracking":false},"_links":{"self":[{"href":"https:\/\/gradmat.ufabc.edu.br\/disciplinas\/alglin\/wp-json\/wp\/v2\/pages\/2"}],"collection":[{"href":"https:\/\/gradmat.ufabc.edu.br\/disciplinas\/alglin\/wp-json\/wp\/v2\/pages"}],"about":[{"href":"https:\/\/gradmat.ufabc.edu.br\/disciplinas\/alglin\/wp-json\/wp\/v2\/types\/page"}],"author":[{"embeddable":true,"href":"https:\/\/gradmat.ufabc.edu.br\/disciplinas\/alglin\/wp-json\/wp\/v2\/users\/1"}],"replies":[{"embeddable":true,"href":"https:\/\/gradmat.ufabc.edu.br\/disciplinas\/alglin\/wp-json\/wp\/v2\/comments?post=2"}],"version-history":[{"count":19,"href":"https:\/\/gradmat.ufabc.edu.br\/disciplinas\/alglin\/wp-json\/wp\/v2\/pages\/2\/revisions"}],"predecessor-version":[{"id":146,"href":"https:\/\/gradmat.ufabc.edu.br\/disciplinas\/alglin\/wp-json\/wp\/v2\/pages\/2\/revisions\/146"}],"wp:attachment":[{"href":"https:\/\/gradmat.ufabc.edu.br\/disciplinas\/alglin\/wp-json\/wp\/v2\/media?parent=2"}],"curies":[{"name":"wp","href":"https:\/\/api.w.org\/{rel}","templated":true}]}}