

{"id":37,"date":"2013-02-04T19:44:42","date_gmt":"2013-02-04T19:44:42","guid":{"rendered":"http:\/\/gradmat.ufabc.edu.br\/disciplinas\/bm\/?page_id=37"},"modified":"2024-09-03T22:01:53","modified_gmt":"2024-09-03T22:01:53","slug":"monitorias","status":"publish","type":"page","link":"https:\/\/gradmat.ufabc.edu.br\/disciplinas\/bm\/monitorias\/","title":{"rendered":"Monitorias"},"content":{"rendered":"\n<p>As informa\u00e7\u00f5es sobre monitoria de Bases Matem\u00e1ticas no quadrimestre 2024.2 est\u00e3o <a href=\"https:\/\/drive.google.com\/file\/d\/1WSDvGxz6VsnFvguSEZJvvRngunZS-Hop\/view?usp=drive_link\" target=\"_blank\" rel=\"noopener\">aqui<\/a>.<\/p>\n","protected":false},"excerpt":{"rendered":"<p>As informa\u00e7\u00f5es sobre monitoria de Bases Matem\u00e1ticas no quadrimestre 2024.2 est\u00e3o aqui.<\/p>\n","protected":false},"author":1,"featured_media":0,"parent":0,"menu_order":0,"comment_status":"open","ping_status":"open","template":"","meta":{"_mi_skip_tracking":false},"_links":{"self":[{"href":"https:\/\/gradmat.ufabc.edu.br\/disciplinas\/bm\/wp-json\/wp\/v2\/pages\/37"}],"collection":[{"href":"https:\/\/gradmat.ufabc.edu.br\/disciplinas\/bm\/wp-json\/wp\/v2\/pages"}],"about":[{"href":"https:\/\/gradmat.ufabc.edu.br\/disciplinas\/bm\/wp-json\/wp\/v2\/types\/page"}],"author":[{"embeddable":true,"href":"https:\/\/gradmat.ufabc.edu.br\/disciplinas\/bm\/wp-json\/wp\/v2\/users\/1"}],"replies":[{"embeddable":true,"href":"https:\/\/gradmat.ufabc.edu.br\/disciplinas\/bm\/wp-json\/wp\/v2\/comments?post=37"}],"version-history":[{"count":107,"href":"https:\/\/gradmat.ufabc.edu.br\/disciplinas\/bm\/wp-json\/wp\/v2\/pages\/37\/revisions"}],"predecessor-version":[{"id":695,"href":"https:\/\/gradmat.ufabc.edu.br\/disciplinas\/bm\/wp-json\/wp\/v2\/pages\/37\/revisions\/695"}],"wp:attachment":[{"href":"https:\/\/gradmat.ufabc.edu.br\/disciplinas\/bm\/wp-json\/wp\/v2\/media?parent=37"}],"curies":[{"name":"wp","href":"https:\/\/api.w.org\/{rel}","templated":true}]}}