

{"id":4,"date":"2013-01-19T19:46:30","date_gmt":"2013-01-19T19:46:30","guid":{"rendered":"http:\/\/gradmat.ufabc.edu.br\/disciplinas\/bm\/?page_id=4"},"modified":"2021-05-20T18:41:34","modified_gmt":"2021-05-20T18:41:34","slug":"bases-matematicas","status":"publish","type":"page","link":"https:\/\/gradmat.ufabc.edu.br\/disciplinas\/bm\/","title":{"rendered":"In\u00edcio"},"content":{"rendered":"<h1><img decoding=\"async\" loading=\"lazy\" class=\"alignright\" src=\"http:\/\/gradmat.ufabc.edu.br\/disciplinas\/imagens\/bases.jpg\" alt=\"bases\" width=\"220\" height=\"209\" \/><strong>Bases Matem\u00e1ticas\u00a0<\/strong><\/h1>\n<h2><strong>\u00a0<\/strong><\/h2>\n<p>Esta p\u00e1gina tem por objetivo servir de apoio aos estudantes da disciplina <em>BIS0003-15 &#8211; Bases Matem\u00e1ticas<\/em>.<\/p>\n<p>Aqui voc\u00ea encontrar\u00e1 listas de exerc\u00edcios, assim como outras informa\u00e7\u00f5es \u00fateis. Clicando no link de cada professor, quando dispon\u00edvel, voc\u00ea poder\u00e1 encontrar informa\u00e7\u00f5es espec\u00edficas de cada\u00a0turma.<\/p>\n<h2>DISCIPLINAS PR\u00c9VIAS RECOMENDADAS:<\/h2>\n<ul>\n<li>Veja o grafo de<a href=\"http:\/\/gradmat.ufabc.edu.br\/disciplinas\/wp-content\/uploads\/2013\/01\/recomendacoes2.pdf\" target=\"_blank\" rel=\"noopener noreferrer\">\u00a0recomenda\u00e7\u00f5es<\/a><\/li>\n<\/ul>\n<h1>Curso no Moodle :<\/h1>\n<ul>\n<li>Instru\u00e7\u00f5es gerais sobre o Moodle: <a href=\"https:\/\/www.dropbox.com\/s\/ze55mmwgoe9qqc6\/orientacoes_moodle.pdf?dl=0\">clique aqui<\/a><\/li>\n<li>Se estiver matriculado no curso e\u00a0 ainda estiver sem\u00a0 acesso ao curso, preencha o formul\u00e1rio <a href=\"https:\/\/forms.gle\/QpvGnGWffikuamTx7\">https:\/\/forms.gle\/QpvGnGWffikuamTx7<\/a><\/li>\n<\/ul>\n<h1>Ementa<\/h1>\n<p><strong>Elementos de Linguagem e L\u00f3gica Matem\u00e1tica:<\/strong> proposi\u00e7\u00f5es, conectivos e quantificadores,\u00a0condi\u00e7\u00f5es necess\u00e1ria e suficiente. E<strong>lementos da Teoria Ing\u00eanua de Conjuntos:<\/strong> Conjuntos,\u00a0Subconjuntos, Opera\u00e7\u00f5es com Conjuntos: Uni\u00e3o e Intersec\u00e7\u00e3o. Conjuntos Num\u00e9ricos:\u00a0N\u00fameros naturais e Indu\u00e7\u00e3o. N\u00fameros Reais. Equa\u00e7\u00f5es e Inequa\u00e7\u00f5es. <strong>Fun\u00e7\u00f5es<\/strong>: defini\u00e7\u00e3o e propriedades. Fun\u00e7\u00f5es Injetoras e Sobrejetoras. Opera\u00e7\u00e3o com Fun\u00e7\u00f5es. Fun\u00e7\u00e3o\u00a0Composta e Inversa. Fun\u00e7\u00f5es Reais: fun\u00e7\u00e3o escada, fun\u00e7\u00e3o m\u00f3dulo, fun\u00e7\u00f5es lineares,\u00a0fun\u00e7\u00f5es polinomiais, fun\u00e7\u00f5es racionais, fun\u00e7\u00f5es trigonom\u00e9tricas, fun\u00e7\u00f5es trigonom\u00e9tricas\u00a0inversas, fun\u00e7\u00f5es exponenciais e fun\u00e7\u00f5es logar\u00edtmicas. Gr\u00e1ficos de fun\u00e7\u00f5es.\u00a0Transforma\u00e7\u00f5es do gr\u00e1fico de uma fun\u00e7\u00e3o: transla\u00e7\u00e3o e dilata\u00e7\u00e3o. <strong>Limite e Continuidade:<\/strong>\u00a0conceito de limite de fun\u00e7\u00e3o; propriedades dos limites; Teorema do Confronto, limites\u00a0laterais; limites infinitos; Continuidade; Teorema do Valor Intermedi\u00e1rio.<\/p>\n<h2>Bibliografia B\u00e1sica<\/h2>\n<ul>\n<li><a href=\"http:\/\/gradmat.ufabc.edu.br\/disciplinas\/bm\/livro\/\"><strong>Bases Matem\u00e1ticas &#8211; Armando Caputi, Daniel Miranda<\/strong><\/a><\/li>\n<li>STEWART, J. &#8211; C\u00e1lculo, vol I, Editora Thomson 2009.<\/li>\n<li>BOULOS P.; Pr\u00e9 calculo S\u00e3o Paulo M. 2 edi.2006 Obs: 5<\/li>\n<li>LIMA, E; CARVALHO, P. ; WAGNER, E.; MORGADO, A.. A Matem\u00e1tica do Ensino M\u00e9dio. Volume 1. Cole\u00e7\u00e3o do Professor de Matem\u00e1tica, Sociedade Brasileira de Matem\u00e1tica, 2003.<\/li>\n<\/ul>\n<h2>Bibliografia Complementar<\/h2>\n<ul>\n<li>KENNEDY, D.; DEMANA, F., WAITS,\u00a0 K.; FOLEY, G. D.;\u00a0 Pr\u00e9\u2013C\u00e1lculo,\u00a0 S\u00e3o Paulo, Editora Pearson, 2009.<\/li>\n<li>MALTA, I.; PESCO, S.; LOPES, H.. C\u00e1lculo a uma vari\u00e1vel vol I. S\u00e3o Paulo: Loyola, 2002.<\/li>\n<li>LIPSCHUTZ, S. ; Teoria dos Conjuntos. 1967 \u2013 337 PAG. \u2013 MCGRAW-HILL \u2013 COLE\u00c7\u00c3O SCHAUM<\/li>\n<li>APOSTOL T. M &#8211; C\u00e1lculo, vol I, Editora Revert\u00e9 Ltda, 1981.<\/li>\n<li>GUIDORIZZI, H. L &#8211; Um curso de c\u00e1lculo, vol I, Editora LTC 2001.<\/li>\n<li>ANTON, H &#8211; C\u00e1lculo: um novo horizonte, vol I, Editora Bookman 2007.<\/li>\n<li>THOMAS, G. B.; FINNEY, R. L. &#8211; C\u00e1lculo diferencial e integral, Editora LTC 2002.<\/li>\n<\/ul>\n","protected":false},"excerpt":{"rendered":"<p>Bases Matem\u00e1ticas\u00a0 \u00a0 Esta p\u00e1gina tem por objetivo servir de apoio aos estudantes da disciplina BIS0003-15 &#8211; Bases Matem\u00e1ticas. Aqui voc\u00ea encontrar\u00e1 listas&#8230;<\/p>\n","protected":false},"author":1,"featured_media":0,"parent":0,"menu_order":0,"comment_status":"closed","ping_status":"open","template":"","meta":{"_mi_skip_tracking":false},"_links":{"self":[{"href":"https:\/\/gradmat.ufabc.edu.br\/disciplinas\/bm\/wp-json\/wp\/v2\/pages\/4"}],"collection":[{"href":"https:\/\/gradmat.ufabc.edu.br\/disciplinas\/bm\/wp-json\/wp\/v2\/pages"}],"about":[{"href":"https:\/\/gradmat.ufabc.edu.br\/disciplinas\/bm\/wp-json\/wp\/v2\/types\/page"}],"author":[{"embeddable":true,"href":"https:\/\/gradmat.ufabc.edu.br\/disciplinas\/bm\/wp-json\/wp\/v2\/users\/1"}],"replies":[{"embeddable":true,"href":"https:\/\/gradmat.ufabc.edu.br\/disciplinas\/bm\/wp-json\/wp\/v2\/comments?post=4"}],"version-history":[{"count":40,"href":"https:\/\/gradmat.ufabc.edu.br\/disciplinas\/bm\/wp-json\/wp\/v2\/pages\/4\/revisions"}],"predecessor-version":[{"id":617,"href":"https:\/\/gradmat.ufabc.edu.br\/disciplinas\/bm\/wp-json\/wp\/v2\/pages\/4\/revisions\/617"}],"wp:attachment":[{"href":"https:\/\/gradmat.ufabc.edu.br\/disciplinas\/bm\/wp-json\/wp\/v2\/media?parent=4"}],"curies":[{"name":"wp","href":"https:\/\/api.w.org\/{rel}","templated":true}]}}