

{"id":428,"date":"2018-06-14T00:40:57","date_gmt":"2018-06-14T00:40:57","guid":{"rendered":"http:\/\/gradmat.ufabc.edu.br\/disciplinas\/bm\/?page_id=428"},"modified":"2018-06-14T00:42:53","modified_gmt":"2018-06-14T00:42:53","slug":"textos","status":"publish","type":"page","link":"https:\/\/gradmat.ufabc.edu.br\/disciplinas\/bm\/outros-materiais\/textos\/","title":{"rendered":"Textos"},"content":{"rendered":"<div>Texto sobre linguagem matem\u00e1tica e elementos de l\u00f3gica,\u00a0 Profa. Ana Carolina Boero.<\/div>\n<div><\/div>\n<div>Vers\u00e3o sem adapta\u00e7\u00f5es:<\/div>\n<div><a href=\"http:\/\/professor.ufabc.edu.br\/~ana.boero\/BC0003\/linguagem-matematica.pdf\" target=\"_blank\" rel=\"noopener\">http:\/\/professor.ufabc.edu.br\/~ana.boero\/BC0003\/linguagem-matematica.pdf<\/a><\/div>\n<div>Vers\u00e3o acess\u00edvel (alto contraste):<\/div>\n<div>\u00a0<a href=\"http:\/\/professor.ufabc.edu.br\/~ana.boero\/BC0003\/linguagem-matematica-acessivel.pdf\" target=\"_blank\" rel=\"noopener\">http:\/\/professor.ufabc.edu.br\/~ana.boero\/BC0003\/linguagem-matematica-acessivel.pdf<\/a><\/div>\n","protected":false},"excerpt":{"rendered":"<p>Texto sobre linguagem matem\u00e1tica e elementos de l\u00f3gica,\u00a0 Profa. Ana Carolina Boero. Vers\u00e3o sem adapta\u00e7\u00f5es: http:\/\/professor.ufabc.edu.br\/~ana.boero\/BC0003\/linguagem-matematica.pdf Vers\u00e3o acess\u00edvel (alto contraste): \u00a0http:\/\/professor.ufabc.edu.br\/~ana.boero\/BC0003\/linguagem-matematica-acessivel.pdf<\/p>\n","protected":false},"author":15,"featured_media":0,"parent":71,"menu_order":0,"comment_status":"closed","ping_status":"closed","template":"","meta":{"_mi_skip_tracking":false},"_links":{"self":[{"href":"https:\/\/gradmat.ufabc.edu.br\/disciplinas\/bm\/wp-json\/wp\/v2\/pages\/428"}],"collection":[{"href":"https:\/\/gradmat.ufabc.edu.br\/disciplinas\/bm\/wp-json\/wp\/v2\/pages"}],"about":[{"href":"https:\/\/gradmat.ufabc.edu.br\/disciplinas\/bm\/wp-json\/wp\/v2\/types\/page"}],"author":[{"embeddable":true,"href":"https:\/\/gradmat.ufabc.edu.br\/disciplinas\/bm\/wp-json\/wp\/v2\/users\/15"}],"replies":[{"embeddable":true,"href":"https:\/\/gradmat.ufabc.edu.br\/disciplinas\/bm\/wp-json\/wp\/v2\/comments?post=428"}],"version-history":[{"count":3,"href":"https:\/\/gradmat.ufabc.edu.br\/disciplinas\/bm\/wp-json\/wp\/v2\/pages\/428\/revisions"}],"predecessor-version":[{"id":431,"href":"https:\/\/gradmat.ufabc.edu.br\/disciplinas\/bm\/wp-json\/wp\/v2\/pages\/428\/revisions\/431"}],"up":[{"embeddable":true,"href":"https:\/\/gradmat.ufabc.edu.br\/disciplinas\/bm\/wp-json\/wp\/v2\/pages\/71"}],"wp:attachment":[{"href":"https:\/\/gradmat.ufabc.edu.br\/disciplinas\/bm\/wp-json\/wp\/v2\/media?parent=428"}],"curies":[{"name":"wp","href":"https:\/\/api.w.org\/{rel}","templated":true}]}}