

{"id":6,"date":"2013-01-19T19:47:00","date_gmt":"2013-01-19T19:47:00","guid":{"rendered":"http:\/\/gradmat.ufabc.edu.br\/disciplinas\/bm\/?page_id=6"},"modified":"2016-09-19T13:13:01","modified_gmt":"2016-09-19T13:13:01","slug":"programa","status":"publish","type":"page","link":"https:\/\/gradmat.ufabc.edu.br\/disciplinas\/bm\/programa\/","title":{"rendered":"Programa"},"content":{"rendered":"<p>O programa da disciplina \u00e9 o detalhamento da ementa, sendo\u00a0desenvolvido por cada\u00a0docente em fun\u00e7\u00e3o de suas escolhas did\u00e1tico-pedag\u00f3gicas e do enfoque que pretende dar ao curso.<\/p>\n<p>O programa de cada docente deve constar no Plano de Ensino apresentado \u00e0(s) sua(s) turma(s) no in\u00edcio do quadrimestre letivo.<\/p>\n<p>A ementa oficial consta na Resolu\u00e7\u00e3o ConsEPE n\u00ba 188\/2014 e est\u00e1 explicitada na p\u00e1gina <a href=\"http:\/\/gradmat.ufabc.edu.br\/disciplinas\/bm\/\">In\u00edcio<\/a>.<\/p>\n<p>&nbsp;<\/p>\n<p>&nbsp;<\/p>\n","protected":false},"excerpt":{"rendered":"<p>O programa da disciplina \u00e9 o detalhamento da ementa, sendo\u00a0desenvolvido por cada\u00a0docente em fun\u00e7\u00e3o de suas escolhas did\u00e1tico-pedag\u00f3gicas e do enfoque que pretende&#8230;<\/p>\n","protected":false},"author":1,"featured_media":0,"parent":0,"menu_order":0,"comment_status":"closed","ping_status":"open","template":"","meta":{"_mi_skip_tracking":false},"_links":{"self":[{"href":"https:\/\/gradmat.ufabc.edu.br\/disciplinas\/bm\/wp-json\/wp\/v2\/pages\/6"}],"collection":[{"href":"https:\/\/gradmat.ufabc.edu.br\/disciplinas\/bm\/wp-json\/wp\/v2\/pages"}],"about":[{"href":"https:\/\/gradmat.ufabc.edu.br\/disciplinas\/bm\/wp-json\/wp\/v2\/types\/page"}],"author":[{"embeddable":true,"href":"https:\/\/gradmat.ufabc.edu.br\/disciplinas\/bm\/wp-json\/wp\/v2\/users\/1"}],"replies":[{"embeddable":true,"href":"https:\/\/gradmat.ufabc.edu.br\/disciplinas\/bm\/wp-json\/wp\/v2\/comments?post=6"}],"version-history":[{"count":10,"href":"https:\/\/gradmat.ufabc.edu.br\/disciplinas\/bm\/wp-json\/wp\/v2\/pages\/6\/revisions"}],"predecessor-version":[{"id":273,"href":"https:\/\/gradmat.ufabc.edu.br\/disciplinas\/bm\/wp-json\/wp\/v2\/pages\/6\/revisions\/273"}],"wp:attachment":[{"href":"https:\/\/gradmat.ufabc.edu.br\/disciplinas\/bm\/wp-json\/wp\/v2\/media?parent=6"}],"curies":[{"name":"wp","href":"https:\/\/api.w.org\/{rel}","templated":true}]}}