

{"id":64,"date":"2013-04-14T18:10:42","date_gmt":"2013-04-14T18:10:42","guid":{"rendered":"http:\/\/gradmat.ufabc.edu.br\/disciplinas\/bm\/?page_id=64"},"modified":"2018-10-16T17:18:10","modified_gmt":"2018-10-16T17:18:10","slug":"videos","status":"publish","type":"page","link":"https:\/\/gradmat.ufabc.edu.br\/disciplinas\/bm\/outros-materiais\/videos\/","title":{"rendered":"V\u00eddeos"},"content":{"rendered":"<h1>Aula de Exerc\u00edcios de Bases Matem\u00e1ticas | Prof. Dr. <a href=\"http:\/\/www.ufabc.edu.br\/ensino\/docentes\/marcio-fabiano-da-silva\">M\u00e1rcio Silva<\/a><\/h1>\n<p>\u00a0<\/p>\n<ol>\n<li><a href=\"https:\/\/www.youtube.com\/watch?v=fcZPnXgc7n0\" data-rel=\"lightbox-video-0\">Introdu\u00e7\u00e3o ao Conjunto das Partes<\/a><\/li>\n<li><a href=\"https:\/\/www.youtube.com\/watch?v=VCMKCaA4f_U&amp;t=313s\" data-rel=\"lightbox-video-1\">Igualdades entre Conjuntos<\/a><\/li>\n<li><a href=\"https:\/\/www.youtube.com\/watch?v=vJmwiF6uMs4\" data-rel=\"lightbox-video-2\">Conjunto das Partes vs. Subconjuntos<\/a><\/li>\n<li><a href=\"https:\/\/www.youtube.com\/watch?v=InSj_njEmDQ\" data-rel=\"lightbox-video-3\">Primeiro Princ\u00edpio de Indu\u00e7\u00e3o ou Indu\u00e7\u00e3o Fraca<\/a><\/li>\n<li><a href=\"https:\/\/www.youtube.com\/watch?v=jSEFj9k6i6M&amp;t=459s\" data-rel=\"lightbox-video-4\">Resolu\u00e7\u00e3o de Inequa\u00e7\u00f5es<\/a><\/li>\n<li><a href=\"https:\/\/www.youtube.com\/watch?v=1wcCBCd4hog\" data-rel=\"lightbox-video-5\">Fun\u00e7\u00f5es Injetoras, Sobrejetoras e Bijetoras<\/a>\u00a0<br \/><br \/><\/li>\n<\/ol>\n<h1><u><\/u><u><\/u>Cursos Unicamp: C\u00e1lculo 1 e 3-\u00a0\u00a0<a href=\"https:\/\/www.youtube.com\/user\/univesptv\">UNIVESP TV<\/a><\/h1>\n<h2>Fun\u00e7\u00f5es<\/h2>\n<ol>\n<li><a href=\"https:\/\/www.youtube.com\/watch?v=vBxka1HhlAs&amp;list=SP2D9B691A704C6F7B&amp;index=2\" data-rel=\"lightbox-video-6\">Fun\u00e7\u00f5es &#8211; parte 1<\/a><\/li>\n<li><a href=\"https:\/\/www.youtube.com\/watch?v=qFXs4iSsbrk&amp;list=SP2D9B691A704C6F7B&amp;index=3\" data-rel=\"lightbox-video-7\">Fun\u00e7\u00f5es &#8211; Parte 2<\/a><\/li>\n<li><a href=\"https:\/\/www.youtube.com\/watch?v=LDbD0z2_xdQ&amp;list=SP2D9B691A704C6F7B&amp;index=4\" data-rel=\"lightbox-video-8\">Criando Fun\u00e7\u00f5es &#8211; parte 1<\/a><\/li>\n<li><a href=\"https:\/\/www.youtube.com\/watch?v=ECblTdistvE&amp;list=SP2D9B691A704C6F7B&amp;index=5\" data-rel=\"lightbox-video-9\">Criando Fun\u00e7\u00f5es &#8211; parte 2<\/a><\/li>\n<\/ol>\n<h2>Sequ\u00eancias<\/h2>\n<ul>\n<li>\u00a0<em><a href=\"https:\/\/www.youtube.com\/watch?v=n1DQChhJpMc&amp;list=PLFBA21F349930F92F&amp;index=35\" data-rel=\"lightbox-video-10\">Sequ\u00eancias Num\u00e9ricas &#8211; parte 1<\/a><\/em><\/li>\n<li><a name=\"__mceDel17\"><\/a>\u00a0<em><a href=\"https:\/\/www.youtube.com\/watch?v=QQ5B5fPYFQc&amp;list=PLFBA21F349930F92F&amp;index=36\" data-rel=\"lightbox-video-11\">Sequ\u00eancias Num\u00e9ricas &#8211; parte 2<\/a><\/em><\/li>\n<\/ul>\n<h2>Limites e Derivadas de Fun\u00e7\u00f5es<\/h2>\n<ol>\n<li><a href=\"https:\/\/www.youtube.com\/watch?v=8_Sgh5YnxY8&amp;list=SP2D9B691A704C6F7B&amp;index=6\" data-rel=\"lightbox-video-12\">Limite &#8211; parte 1<\/a><\/li>\n<li><a href=\"https:\/\/www.youtube.com\/watch?v=6xUHE4ctIt8&amp;list=SP2D9B691A704C6F7B&amp;index=7\" data-rel=\"lightbox-video-13\">Limite &#8211; parte 2<\/a><\/li>\n<li><a href=\"https:\/\/www.youtube.com\/watch?v=_bKzJP0Q778&amp;list=SP2D9B691A704C6F7B&amp;index=8\" data-rel=\"lightbox-video-14\">Regras de C\u00e1lculo de Limite &#8211; parte 1<\/a><\/li>\n<li><a href=\"https:\/\/www.youtube.com\/watch?v=wBe4f-MVkTA&amp;list=SP2D9B691A704C6F7B&amp;index=9\" data-rel=\"lightbox-video-15\">Regras de C\u00e1lculo de Limite &#8211; parte 2<\/a><\/li>\n<li><a href=\"https:\/\/www.youtube.com\/watch?v=Z0wNGmPGlGk&amp;list=SP2D9B691A704C6F7B&amp;index=10\" data-rel=\"lightbox-video-16\">Limite da Composi\u00e7\u00e3o &#8211; parte 1<\/a><\/li>\n<li><a href=\"https:\/\/www.youtube.com\/watch?v=eAEN9Zfa3ZU&amp;list=SP2D9B691A704C6F7B&amp;index=11\" data-rel=\"lightbox-video-17\">Limite da Composi\u00e7\u00e3o &#8211; parte 2<\/a><\/li>\n<li><a href=\"https:\/\/www.youtube.com\/watch?v=jXIP2GciTaY&amp;list=SP2D9B691A704C6F7B&amp;index=12\" data-rel=\"lightbox-video-18\">Fun\u00e7\u00f5es cont\u00ednuas &#8211; parte 1<\/a><\/li>\n<li><a href=\"https:\/\/www.youtube.com\/watch?v=ebj4X4q6Dk0&amp;list=SP2D9B691A704C6F7B&amp;index=13\" data-rel=\"lightbox-video-19\">Fun\u00e7\u00f5es Cont\u00ednuas &#8211; parte 2<\/a><\/li>\n<li><a href=\"https:\/\/www.youtube.com\/watch?v=HK6DDx8G7ZU&amp;list=SP2D9B691A704C6F7B&amp;index=14\" data-rel=\"lightbox-video-20\">\u00a0A Derivada como uma Fun\u00e7\u00e3o &#8211; parte 1<\/a><\/li>\n<li><a href=\"https:\/\/www.youtube.com\/watch?v=eQsN_tJ9CyA&amp;list=SP2D9B691A704C6F7B&amp;index=15\" data-rel=\"lightbox-video-21\">\u00a0A Derivada como uma Fun\u00e7\u00e3o &#8211; parte 2<\/a><\/li>\n<li><a href=\"https:\/\/www.youtube.com\/watch?v=JMtmSdWcjqA&amp;list=SP2D9B691A704C6F7B&amp;index=16\" data-rel=\"lightbox-video-22\">Derivadas de fun\u00e7\u00f5es trigonom\u00e9tricas &#8211; Regra da cadeia &#8211; parte 1<\/a><\/li>\n<li><a href=\"https:\/\/www.youtube.com\/watch?v=rPzFJpGIEh0&amp;list=SP2D9B691A704C6F7B&amp;index=17\" data-rel=\"lightbox-video-23\">Derivadas de fun\u00e7\u00f5es trigonom\u00e9tricas &#8211; Regra da cadeia &#8211; parte 2<\/a><\/li>\n<\/ol>\n\n\n<p><\/p>\n","protected":false},"excerpt":{"rendered":"<p>Aula de Exerc\u00edcios de Bases Matem\u00e1ticas | Prof. Dr. M\u00e1rcio Silva \u00a0 Introdu\u00e7\u00e3o ao Conjunto das Partes Igualdades entre Conjuntos Conjunto das Partes&#8230;<\/p>\n","protected":false},"author":1,"featured_media":0,"parent":71,"menu_order":0,"comment_status":"open","ping_status":"open","template":"","meta":{"_mi_skip_tracking":false},"_links":{"self":[{"href":"https:\/\/gradmat.ufabc.edu.br\/disciplinas\/bm\/wp-json\/wp\/v2\/pages\/64"}],"collection":[{"href":"https:\/\/gradmat.ufabc.edu.br\/disciplinas\/bm\/wp-json\/wp\/v2\/pages"}],"about":[{"href":"https:\/\/gradmat.ufabc.edu.br\/disciplinas\/bm\/wp-json\/wp\/v2\/types\/page"}],"author":[{"embeddable":true,"href":"https:\/\/gradmat.ufabc.edu.br\/disciplinas\/bm\/wp-json\/wp\/v2\/users\/1"}],"replies":[{"embeddable":true,"href":"https:\/\/gradmat.ufabc.edu.br\/disciplinas\/bm\/wp-json\/wp\/v2\/comments?post=64"}],"version-history":[{"count":9,"href":"https:\/\/gradmat.ufabc.edu.br\/disciplinas\/bm\/wp-json\/wp\/v2\/pages\/64\/revisions"}],"predecessor-version":[{"id":452,"href":"https:\/\/gradmat.ufabc.edu.br\/disciplinas\/bm\/wp-json\/wp\/v2\/pages\/64\/revisions\/452"}],"up":[{"embeddable":true,"href":"https:\/\/gradmat.ufabc.edu.br\/disciplinas\/bm\/wp-json\/wp\/v2\/pages\/71"}],"wp:attachment":[{"href":"https:\/\/gradmat.ufabc.edu.br\/disciplinas\/bm\/wp-json\/wp\/v2\/media?parent=64"}],"curies":[{"name":"wp","href":"https:\/\/api.w.org\/{rel}","templated":true}]}}