

{"id":78,"date":"2013-04-14T18:47:50","date_gmt":"2013-04-14T18:47:50","guid":{"rendered":"http:\/\/gradmat.ufabc.edu.br\/disciplinas\/bm\/?page_id=78"},"modified":"2013-04-21T17:30:33","modified_gmt":"2013-04-21T17:30:33","slug":"softwares","status":"publish","type":"page","link":"https:\/\/gradmat.ufabc.edu.br\/disciplinas\/bm\/outros-materiais\/softwares\/","title":{"rendered":"Softwares"},"content":{"rendered":"<h1>Wolfram Alpha<\/h1>\n<p>P\u00e1gina\u00a0<a href=\"http:\/\/www.wolframalpha.com\/\">http:\/\/www.wolframalpha.com\/<\/a><\/p>\n<p>Veja os exemplos :<\/p>\n<ul>\n<li><span style=\"line-height: 1.714285714; font-size: 1rem;\">Gr\u00e1ficos:\u00a0<\/span><a style=\"line-height: 1.714285714; font-size: 1rem;\" href=\"http:\/\/www.wolframalpha.com\/examples\/PlottingAndGraphics.html\">http:\/\/www.wolframalpha.com\/examples\/PlottingAndGraphics.html<\/a><\/li>\n<li><span style=\"line-height: 1.714285714; font-size: 1rem;\">C\u00e1lculo\u00a0<\/span><a style=\"line-height: 1.714285714; font-size: 1rem;\" href=\"http:\/\/www.wolframalpha.com\/examples\/Calculus.html\">http:\/\/www.wolframalpha.com\/examples\/Calculus.html<\/a><\/li>\n<\/ul>\n<p>&nbsp;<\/p>\n<h1><span style=\"font-size: 1.5rem; line-height: 1.5;\">Geogebra<\/span><\/h1>\n<h3>Instala\u00e7\u00e3o<\/h3>\n<h3>\u00a0Em Windows<\/h3>\n<div><\/div>\n<div>Para obter o Maxima, v\u00e1 \u00e0 p\u00e1gina de download do programa<\/div>\n<p><a href=\"http:\/\/www.geogebra.org\/cms\/pt_BR\/download\">http:\/\/www.geogebra.org\/cms\/pt_BR\/download<\/a><\/p>\n<h3>\u00a0Em Linux (Ubuntu ou Debian)<\/h3>\n<div>Instale o pacote &#8220;geogebra&#8221;.<\/div>\n<div><\/div>\n<h2>Manuais e Tutoriais<\/h2>\n<ul>\n<li><span style=\"line-height: 1.714285714; font-size: 1rem;\">Manual\u00a0<\/span><a style=\"line-height: 1.714285714; font-size: 1rem;\" href=\"http:\/\/www.geogebra.org\/help\/docupt_PT.pdf\">http:\/\/www.geogebra.org\/help\/docupt_PT.pdf<\/a><\/li>\n<li><span style=\"line-height: 1.714285714; font-size: 1rem;\"><a href=\"http:\/\/www.model.u-szeged.hu\/data\/etc\/edoc\/tan\/DTakaci\/DTakaci.pdf\">Experiments in Calculus with Geogebra<\/a>\u00a0<\/span><\/li>\n<\/ul>\n<p>&nbsp;<\/p>\n<h1>Maxima<\/h1>\n<p>Segundo os seus criadores:<\/p>\n<blockquote><p>O Maxima \u00e9 um software para manipula\u00e7\u00e3o de express\u00f5es simb\u00f3licas e num\u00e9ricas, incluindo<strong>\u00a0diferencia\u00e7\u00e3o, integra\u00e7\u00e3o<\/strong>, expans\u00e3o em series de Taylor, transformadas de Laplace, resolu\u00e7\u00e3o de equa\u00e7\u00f5es diferenciais ordin\u00e1rias, sistemas de equa\u00e7\u00f5es lineares, manipula\u00e7\u00e3o de vetores, matrizes e tensores. O M\u00e1xima tamb\u00e9m faz gr\u00e1ficos de fun\u00e7\u00f5es e dados em duas e tr\u00eas dimens\u00f5es.<\/p><\/blockquote>\n<p>De modo mais geral, o M\u00e1xima \u00e9 um exemplo de\u00a0<strong>Sistema de \u00c1lgebra Computacional<\/strong>, que abreviaremos por CAS (do ingl\u00eas \u00a0c<em>omputer algebra system<\/em>). Os CAS \u00a0s\u00e3o softwares que facilitam a realiza\u00e7\u00e3o de manipula\u00e7\u00f5es matem\u00e1ticas simb\u00f3licas como<strong>\u00a0limites derivadas e integrais.<\/strong><\/p>\n<h2>Instala\u00e7\u00e3o:<\/h2>\n<h3>\u00a0Em Windows<\/h3>\n<div><\/div>\n<div>Para obter o Maxima, v\u00e1 \u00e0 p\u00e1gina de download do programa\u00a0no SourceForge:<\/div>\n<div><\/div>\n<div><a href=\"http:\/\/sourceforge.net\/projects\/maxima\/files\/\">http:\/\/sourceforge.net\/projects\/maxima\/files\/<\/a><\/div>\n<div><\/div>\n<div><\/div>\n<h3>\u00a0Em Linux (Ubuntu ou Debian)<\/h3>\n<div>Instale o pacote &#8220;wxmaxima&#8221;. Ele aparecer\u00e1 no menu de aplicativos,<\/div>\n<div>em Science -&gt; Mathematics -&gt; wxMaxima<\/div>\n<h2>Tutoriais<\/h2>\n<ul>\n<li><a href=\"http:\/\/hostel.ufabc.edu.br\/~daniel.miranda\/maxima\/maxcalc.pdf\">Maxima no C\u00e1lculo\u00a0<\/a>&#8211; Ulysses Sodr\u00e9, Andrielber da Silva Oliveira, S\u00f4nia Ferreira Lopes Toffoli,Giovana Alves, Isabela Belansson<\/li>\n<li>I<a href=\"http:\/\/hostel.ufabc.edu.br\/~daniel.miranda\/maxima\/Maxima_Bruna_Santos_2009.pdf\" shape=\"rect\">ntrodu\u00e7\u00e3o ao Software Maxima<\/a>\u00a0by Bruna Santos, Univ. of Porto.<\/li>\n<li><a href=\"http:\/\/hostel.ufabc.edu.br\/~daniel.miranda\/maxima\/maxima_pt.pdf\">Manual do Maxima\u00a0<\/a>\u00a0\u2013 Traduzido por Jorge Barros de Abreu<\/li>\n<\/ul>\n<h2>Exemplos de uso<\/h2>\n<div>Salve os arquivos abaixo em uma pasta. Para usar um dos arquivos, abra o Maxima e em seguida abra um dos arquivos. Sugerimos usar os arquivos na ordem em que se encontram apresentados aqui.<\/div>\n<div><\/div>\n<ul>\n<li><a href=\"http:\/\/hostel.ufabc.edu.br\/~daniel.miranda\/maxima\/01introducao.zip\">Introdu\u00e7\u00e3o<\/a>\u00a0\u00a0\u00a0\u00a0\u00a0\u00a0\u00a0\u00a0\u00a0\u00a0\u00a0\u00a0\u00a0\u00a0\u00a0\u00a0\u00a0\u00a0\u00a0\u00a0\u00a0\u00a0\u00a0\u00a0\u00a0\u00a0\u00a0\u00a0\u00a0\u00a0\u00a0\u00a0\u00a0\u00a0\u00a0\u00a0\u00a0\u00a0\u00a0\u00a0\u00a0\u00a0\u00a0\u00a0\u00a0\u00a0\u00a0\u00a0\u00a0\u00a0\u00a0\u00a0\u00a0\u00a0\u00a0\u00a0\u00a0\u00a0\u00a0\u00a0\u00a0<a href=\"http:\/\/hostel.ufabc.edu.br\/~daniel.miranda\/maxima\/01introducao.html\">(Veja o arquivo como p\u00e1gina web)<\/a><\/li>\n<li><a href=\"http:\/\/hostel.ufabc.edu.br\/~daniel.miranda\/maxima\/02equacoeseinequacoes.zip\">Equa\u00e7\u00f5es e Inequa\u00e7\u00f5es<\/a>\u00a0\u00a0\u00a0\u00a0\u00a0\u00a0\u00a0\u00a0\u00a0\u00a0\u00a0\u00a0\u00a0\u00a0\u00a0\u00a0\u00a0\u00a0\u00a0\u00a0\u00a0\u00a0\u00a0\u00a0\u00a0\u00a0\u00a0\u00a0\u00a0\u00a0\u00a0\u00a0\u00a0\u00a0\u00a0\u00a0<a href=\"http:\/\/hostel.ufabc.edu.br\/~daniel.miranda\/maxima\/02equacoeseinequacoes.html\">(Veja o arquivo como p\u00e1gina web)<\/a><\/li>\n<li><a href=\"http:\/\/hostel.ufabc.edu.br\/~daniel.miranda\/maxima\/03graficos.zip\">Gr\u00e1ficos<\/a>\u00a0\u00a0\u00a0\u00a0\u00a0\u00a0\u00a0\u00a0\u00a0\u00a0\u00a0\u00a0\u00a0\u00a0\u00a0\u00a0\u00a0\u00a0\u00a0\u00a0\u00a0\u00a0\u00a0\u00a0\u00a0\u00a0\u00a0\u00a0\u00a0\u00a0\u00a0\u00a0\u00a0\u00a0\u00a0\u00a0\u00a0\u00a0\u00a0 \u00a0 \u00a0 \u00a0 \u00a0 \u00a0 \u00a0 \u00a0 \u00a0 \u00a0 \u00a0 \u00a0 \u00a0\u00a0\u00a0<a href=\"http:\/\/hostel.ufabc.edu.br\/~daniel.miranda\/maxima\/03graficos.html\">(Veja o arquivo como p\u00e1gina web)<\/a><\/li>\n<li>Limites<\/li>\n<li>Derivadas<\/li>\n<li>Integrais<\/li>\n<\/ul>\n<h1>Mathematica<\/h1>\n<p style=\"padding-left: 30px;\"><em>Mathematica \u00e9 um programa de computador, originalmente concebido por Stephen Wolfram, e continuamente desenvolvido pela empresa Wolfram Research, que implementa um sistema de \u00e1lgebra computacional. Para al\u00e9m de uma linguagem de programa\u00e7\u00e3o, cont\u00e9m diversas bibliotecas de programa\u00e7\u00e3o prontas a serem usadas em diversos fins em v\u00e1rias \u00e1reas das ci\u00eancias exatas. (Wikipedia)<\/em><\/p>\n<p><a href=\"http:\/\/www.wolfram.com\/\">Site do Mathematica<\/a><\/p>\n<p>&nbsp;<\/p>\n<h2>Livros de\u00a0Aritm\u00e9tica, \u00c1lgebra e C\u00e1lculo\u00a0com Mathematica<\/h2>\n<ul>\n<li><a href=\"http:\/\/gradmat.ufabc.edu.br\/disciplinas\/listas\/livros\/FaleirosAritmeticaAlgebraeCalculocomoMathematica.pdf\">Aritm\u00e9tica, \u00c1lgebra e C\u00e1lculo com o Mathematica<\/a>\u00a0Antonio Faleiros<\/li>\n<\/ul>\n<p>&nbsp;<\/p>\n<p>&nbsp;<\/p>\n","protected":false},"excerpt":{"rendered":"<p>Wolfram Alpha P\u00e1gina\u00a0http:\/\/www.wolframalpha.com\/ Veja os exemplos : Gr\u00e1ficos:\u00a0http:\/\/www.wolframalpha.com\/examples\/PlottingAndGraphics.html C\u00e1lculo\u00a0http:\/\/www.wolframalpha.com\/examples\/Calculus.html &nbsp; Geogebra Instala\u00e7\u00e3o \u00a0Em Windows Para obter o Maxima, v\u00e1 \u00e0 p\u00e1gina de download&#8230;<\/p>\n","protected":false},"author":1,"featured_media":0,"parent":71,"menu_order":0,"comment_status":"open","ping_status":"open","template":"","meta":{"_mi_skip_tracking":false},"_links":{"self":[{"href":"https:\/\/gradmat.ufabc.edu.br\/disciplinas\/bm\/wp-json\/wp\/v2\/pages\/78"}],"collection":[{"href":"https:\/\/gradmat.ufabc.edu.br\/disciplinas\/bm\/wp-json\/wp\/v2\/pages"}],"about":[{"href":"https:\/\/gradmat.ufabc.edu.br\/disciplinas\/bm\/wp-json\/wp\/v2\/types\/page"}],"author":[{"embeddable":true,"href":"https:\/\/gradmat.ufabc.edu.br\/disciplinas\/bm\/wp-json\/wp\/v2\/users\/1"}],"replies":[{"embeddable":true,"href":"https:\/\/gradmat.ufabc.edu.br\/disciplinas\/bm\/wp-json\/wp\/v2\/comments?post=78"}],"version-history":[{"count":12,"href":"https:\/\/gradmat.ufabc.edu.br\/disciplinas\/bm\/wp-json\/wp\/v2\/pages\/78\/revisions"}],"predecessor-version":[{"id":81,"href":"https:\/\/gradmat.ufabc.edu.br\/disciplinas\/bm\/wp-json\/wp\/v2\/pages\/78\/revisions\/81"}],"up":[{"embeddable":true,"href":"https:\/\/gradmat.ufabc.edu.br\/disciplinas\/bm\/wp-json\/wp\/v2\/pages\/71"}],"wp:attachment":[{"href":"https:\/\/gradmat.ufabc.edu.br\/disciplinas\/bm\/wp-json\/wp\/v2\/media?parent=78"}],"curies":[{"name":"wp","href":"https:\/\/api.w.org\/{rel}","templated":true}]}}