

{"id":84,"date":"2013-04-14T19:29:35","date_gmt":"2013-04-14T19:29:35","guid":{"rendered":"http:\/\/gradmat.ufabc.edu.br\/disciplinas\/bm\/?page_id=84"},"modified":"2024-07-12T11:05:47","modified_gmt":"2024-07-12T11:05:47","slug":"slides","status":"publish","type":"page","link":"https:\/\/gradmat.ufabc.edu.br\/disciplinas\/bm\/outros-materiais\/slides\/","title":{"rendered":"Slides"},"content":{"rendered":"<h1>Ana Carolina Boero<\/h1>\n<ul>\n<li><a href=\"http:\/\/professor.ufabc.edu.br\/~ana.boero\/BC0003\/slides1.pdf\" target=\"_blank\" rel=\"nofollow noopener\">Slides &#8211; Elementos de l\u00f3gica e linguagem matem\u00e1tica<\/a>\u00a0[<a href=\"http:\/\/professor.ufabc.edu.br\/~ana.boero\/BC0003\/slides1-handout.pdf\" target=\"_blank\" rel=\"nofollow noopener\">handout<\/a>]<\/li>\n<li><a href=\"http:\/\/professor.ufabc.edu.br\/~ana.boero\/BC0003\/slides2.pdf\" target=\"_blank\" rel=\"nofollow noopener\">Slides &#8211; Generalidades sobre conjuntos<\/a>\u00a0[<a href=\"http:\/\/professor.ufabc.edu.br\/~ana.boero\/BC0003\/slides2-handout.pdf\" target=\"_blank\" rel=\"nofollow noopener\">handout<\/a>]<\/li>\n<li><a href=\"http:\/\/professor.ufabc.edu.br\/~ana.boero\/BC0003\/slides3.pdf\" target=\"_blank\" rel=\"nofollow noopener\">Slides &#8211; Conjuntos num\u00e9ricos<\/a>\u00a0[<a href=\"http:\/\/professor.ufabc.edu.br\/~ana.boero\/BC0003\/slides3-handout.pdf\" target=\"_blank\" rel=\"nofollow noopener\">handout<\/a>]<\/li>\n<li><a href=\"http:\/\/professor.ufabc.edu.br\/~ana.boero\/BC0003\/slides4.pdf\" target=\"_blank\" rel=\"nofollow noopener\">Slides &#8211; Generalidades sobre fun\u00e7\u00f5es<\/a>\u00a0[<a href=\"http:\/\/professor.ufabc.edu.br\/~ana.boero\/BC0003\/slides4-handout.pdf\" target=\"_blank\" rel=\"nofollow noopener\">handout<\/a>]<\/li>\n<li><a href=\"http:\/\/professor.ufabc.edu.br\/~ana.boero\/BC0003\/slides5.pdf\" target=\"_blank\" rel=\"nofollow noopener\">Slides &#8211; Fun\u00e7\u00f5es de uma vari\u00e1vel real a valores reais<\/a>\u00a0[<a href=\"http:\/\/professor.ufabc.edu.br\/~ana.boero\/BC0003\/slides5-handout.pdf\" target=\"_blank\" rel=\"nofollow noopener\">handout<\/a>]<\/li>\n<li><a href=\"http:\/\/professor.ufabc.edu.br\/~ana.boero\/BC0003\/slides7.pdf\" target=\"_blank\" rel=\"nofollow noopener\">Slides &#8211; Limite e continuidade de fun\u00e7\u00f5es<\/a>\u00a0[<a href=\"http:\/\/professor.ufabc.edu.br\/~ana.boero\/BC0003\/slides7-handout.pdf\" target=\"_blank\" rel=\"nofollow noopener\">handout<\/a>]<\/li>\n<\/ul>\n","protected":false},"excerpt":{"rendered":"<p>Ana Carolina Boero Slides &#8211; Elementos de l\u00f3gica e linguagem matem\u00e1tica\u00a0[handout] Slides &#8211; Generalidades sobre conjuntos\u00a0[handout] Slides &#8211; Conjuntos num\u00e9ricos\u00a0[handout] Slides &#8211; Generalidades&#8230;<\/p>\n","protected":false},"author":1,"featured_media":0,"parent":71,"menu_order":0,"comment_status":"open","ping_status":"open","template":"","meta":{"_mi_skip_tracking":false},"_links":{"self":[{"href":"https:\/\/gradmat.ufabc.edu.br\/disciplinas\/bm\/wp-json\/wp\/v2\/pages\/84"}],"collection":[{"href":"https:\/\/gradmat.ufabc.edu.br\/disciplinas\/bm\/wp-json\/wp\/v2\/pages"}],"about":[{"href":"https:\/\/gradmat.ufabc.edu.br\/disciplinas\/bm\/wp-json\/wp\/v2\/types\/page"}],"author":[{"embeddable":true,"href":"https:\/\/gradmat.ufabc.edu.br\/disciplinas\/bm\/wp-json\/wp\/v2\/users\/1"}],"replies":[{"embeddable":true,"href":"https:\/\/gradmat.ufabc.edu.br\/disciplinas\/bm\/wp-json\/wp\/v2\/comments?post=84"}],"version-history":[{"count":7,"href":"https:\/\/gradmat.ufabc.edu.br\/disciplinas\/bm\/wp-json\/wp\/v2\/pages\/84\/revisions"}],"predecessor-version":[{"id":693,"href":"https:\/\/gradmat.ufabc.edu.br\/disciplinas\/bm\/wp-json\/wp\/v2\/pages\/84\/revisions\/693"}],"up":[{"embeddable":true,"href":"https:\/\/gradmat.ufabc.edu.br\/disciplinas\/bm\/wp-json\/wp\/v2\/pages\/71"}],"wp:attachment":[{"href":"https:\/\/gradmat.ufabc.edu.br\/disciplinas\/bm\/wp-json\/wp\/v2\/media?parent=84"}],"curies":[{"name":"wp","href":"https:\/\/api.w.org\/{rel}","templated":true}]}}