

{"id":9,"date":"2024-03-04T17:18:15","date_gmt":"2024-03-04T20:18:15","guid":{"rendered":"https:\/\/gradmat.ufabc.edu.br\/disciplinas\/calculo-de-probabilidade\/?page_id=9"},"modified":"2024-12-15T11:43:02","modified_gmt":"2024-12-15T14:43:02","slug":"programa","status":"publish","type":"page","link":"https:\/\/gradmat.ufabc.edu.br\/disciplinas\/cp\/programa\/","title":{"rendered":"Programa"},"content":{"rendered":"\n<p>O programa da disciplina \u00e9 o detalhamento da ementa, sendo&nbsp;desenvolvido por cada&nbsp;docente em fun\u00e7\u00e3o de suas escolhas did\u00e1tico-pedag\u00f3gicas e do enfoque que pretende dar ao curso.&nbsp;A ementa oficial est\u00e1 explicitada na p\u00e1gina&nbsp;<a href=\"http:\/\/gradmat.ufabc.edu.br\/disciplinas\/bm\/\">In\u00edcio<\/a>.<\/p>\n\n\n\n<p>O programa de cada docente deve constar no Plano de Ensino apresentado \u00e0(s) sua(s) turma(s) no in\u00edcio do quadrimestre letivo. Apresentamos um exemplo de programa, junto com uma sugest\u00e3o de cronograma. <strong>Consulte seu professor para saber se ele est\u00e1 adotando essas sugest\u00f5es em seu curso.<\/strong><\/p>\n\n\n\n<p><strong>Vetores Aleat\u00f3rios<\/strong><\/p>\n\n\n\n<p>1 Espa\u00e7os de Probabilidade<\/p>\n\n\n\n<p>2 Vari\u00e1veis aleat\u00f3rias<\/p>\n\n\n\n<p>3 Vetores aleat\u00f3rios. Distribui\u00e7\u00e3o conjunta e marginais.<\/p>\n\n\n\n<p>4 Exemplos de Vetores Aleat\u00f3rios.<\/p>\n\n\n\n<p>5 Independ\u00eancia.<\/p>\n\n\n\n<p>6 Distribui\u00e7\u00e3o condicional<\/p>\n\n\n\n<p>7 Distribui\u00e7\u00e3o condicional II<\/p>\n\n\n\n<p><strong>Distribui\u00e7\u00f5es de fun\u00e7\u00f5es de vari\u00e1veis e vetores aleat\u00f3rios.<\/strong><\/p>\n\n\n\n<p>8 Soma de vetores Aleat\u00f3rios<\/p>\n\n\n\n<p>9 Distribui\u00e7\u00f5es de fun\u00e7\u00f5es de vari\u00e1veis e vetores aleat\u00f3rios.<\/p>\n\n\n\n<p>10 M\u00e9todo do jacobiano.<\/p>\n\n\n\n<p><strong>Esperan\u00e7a<\/strong><\/p>\n\n\n\n<p>11 Esperan\u00e7a: Fundamentos da Integral de Lebesgue<\/p>\n\n\n\n<p>12 Esperan\u00e7a. Esperan\u00e7as de fun\u00e7\u00f5es de vetores aleat\u00f3rios.<\/p>\n\n\n\n<p>13 Propriedades da Esperan\u00e7a<\/p>\n\n\n\n<p>14 Momentos. Vari\u00e2ncia e Covari\u00e2ncia<\/p>\n\n\n\n<p>15 Fun\u00e7\u00f5es geradoras.<\/p>\n\n\n\n<p>16 Esperan\u00e7a condicional<\/p>\n\n\n\n<p><strong>Teoremas Limites<\/strong><\/p>\n\n\n\n<p>17 Desigualdades: Markov, Tchesbychev. Lei Fraca<\/p>\n\n\n\n<p>18 Borel Cantelli<\/p>\n\n\n\n<p>19 Lei Forte dos Grandes N\u00fameros.<\/p>\n\n\n\n<p>20 Converg\u00eancia em distribui\u00e7\u00e3o<\/p>\n\n\n\n<p>21 Teorema Central do Limite. Teste de Hip\u00f3tese<\/p>\n\n\n\n<p>22 Teorema Central do Limite Multivariado<\/p>\n","protected":false},"excerpt":{"rendered":"<p>O programa da disciplina \u00e9 o detalhamento da ementa, sendo&nbsp;desenvolvido por cada&nbsp;docente em fun\u00e7\u00e3o de suas escolhas did\u00e1tico-pedag\u00f3gicas e do enfoque que pretende&#8230;<\/p>\n","protected":false},"author":1,"featured_media":0,"parent":0,"menu_order":0,"comment_status":"closed","ping_status":"closed","template":"","meta":{"_mi_skip_tracking":false},"_links":{"self":[{"href":"https:\/\/gradmat.ufabc.edu.br\/disciplinas\/cp\/wp-json\/wp\/v2\/pages\/9"}],"collection":[{"href":"https:\/\/gradmat.ufabc.edu.br\/disciplinas\/cp\/wp-json\/wp\/v2\/pages"}],"about":[{"href":"https:\/\/gradmat.ufabc.edu.br\/disciplinas\/cp\/wp-json\/wp\/v2\/types\/page"}],"author":[{"embeddable":true,"href":"https:\/\/gradmat.ufabc.edu.br\/disciplinas\/cp\/wp-json\/wp\/v2\/users\/1"}],"replies":[{"embeddable":true,"href":"https:\/\/gradmat.ufabc.edu.br\/disciplinas\/cp\/wp-json\/wp\/v2\/comments?post=9"}],"version-history":[{"count":2,"href":"https:\/\/gradmat.ufabc.edu.br\/disciplinas\/cp\/wp-json\/wp\/v2\/pages\/9\/revisions"}],"predecessor-version":[{"id":41,"href":"https:\/\/gradmat.ufabc.edu.br\/disciplinas\/cp\/wp-json\/wp\/v2\/pages\/9\/revisions\/41"}],"wp:attachment":[{"href":"https:\/\/gradmat.ufabc.edu.br\/disciplinas\/cp\/wp-json\/wp\/v2\/media?parent=9"}],"curies":[{"name":"wp","href":"https:\/\/api.w.org\/{rel}","templated":true}]}}