

{"id":8,"date":"2016-12-15T21:34:04","date_gmt":"2016-12-15T23:34:04","guid":{"rendered":"http:\/\/gradmat.ufabc.edu.br\/disciplinas\/cvt\/?page_id=8"},"modified":"2019-02-22T14:38:35","modified_gmt":"2019-02-22T17:38:35","slug":"cronograma-sugerido","status":"publish","type":"page","link":"https:\/\/gradmat.ufabc.edu.br\/disciplinas\/cvt\/cronograma-sugerido\/","title":{"rendered":"Cronograma Sugerido"},"content":{"rendered":"<h4><span style=\"color: #ff0000\">Consulte o professor da sua turma para saber se ele est\u00e1 seguindo essa cronograma ou n\u00e3o.<\/span><\/h4>\n<h2>1 Geometria do Espa\u00e7o Euclidiano<\/h2>\n<ul>\n<li>Aula 1 Propriedades Vetoriais. Produto Interno. Produto Vetorial. Mudan\u00e7a de Bases;<\/li>\n<li>Aula 2 Sistemas de Coordenadas: Cil\u00edndricas e Esf\u00e9ricas. Parametriza\u00e7\u00f5es<\/li>\n<\/ul>\n<h2>2 Fun\u00e7\u00f5es Vetoriais<\/h2>\n<ul>\n<li>Aula 3 Exemplos de fun\u00e7\u00f5es Vetoriais. Limites e Continuidade de Fun\u00e7\u00f5es de R n para R m .<\/li>\n<li>Aula 4 Diferenciabilidade de Fun\u00e7\u00f5es de R n para R m . Jacobiano<\/li>\n<li>Aula 5 Campos vetoriais e escalares. Operadores diferenci\u00e1veis: gradiente, divergente, rotacional e laplaciano.<\/li>\n<\/ul>\n<h2>3 Integrais de Caminho e Superf\u00edcies<\/h2>\n<ul>\n<li>Aula 6 Curvas e Superf\u00edcies<\/li>\n<li>Aula 7 Integrais de Linha; Teorema Fundamental das integrais de linha.<\/li>\n<li>Aula 8 Campos conservativos. Equival\u00eancias entre campos conservativos, independ\u00eancia de caminho e integrais de linha sobre caminhos fechados.<\/li>\n<li>Aula 9 \u00c1rea da Superf\u00edcie. Integral de fun\u00e7\u00f5es escalares em Superf\u00edcies. Integrais de Campos de Vetores<\/li>\n<\/ul>\n<h2>4 Os Grandes Teoremas<\/h2>\n<ul>\n<li>Aula 10 Teorema de Green e Teorema de Stokes<\/li>\n<li>Aula 11 Teorema de Gauss<\/li>\n<li>Aula 12 Aplica\u00e7\u00f5es: interpreta\u00e7\u00e3o para o divergente e rotacional de um campo. Equa\u00e7\u00e3o da Continuidade de um fluido.<\/li>\n<li>Aula 13 Prova 1<\/li>\n<li>Aula 14 Aplica\u00e7\u00f5es Teoria de potenciais: potencial escalar e potencial vetor. Teorema de Helmholtz. Aplica\u00e7\u00e3o: Equa\u00e7\u00f5es de Maxwell<\/li>\n<\/ul>\n<h2>5 Tensores<\/h2>\n<ul>\n<li>Aula 15 Coordenadas curvil\u00edneas. Operadores diferenci\u00e1veis em coordenadas curvil\u00edneas.<\/li>\n<li>Aula 16 Tensores<\/li>\n<li>Aula 17 Tensores: Mudan\u00e7as de Coordenadas<\/li>\n<li>Aula 18 Contra\u00e7\u00f5es e Tensores Sim\u00e9tricos e Assim\u00e9tricos<\/li>\n<li>Aula 19 Aplica\u00e7\u00f5es: (Formas e Integrais de Formas)<\/li>\n<li>Aula 20 Aplica\u00e7\u00f5es (Tensor de Inercia e Outros tensores de interesse na f\u00edsica)<\/li>\n<li>Aula 21 Aplica\u00e7\u00f5es &#8211; Geometria<\/li>\n<li>Aula 22 Prova<\/li>\n<\/ul>\n","protected":false},"excerpt":{"rendered":"<p>Consulte o professor da sua turma para saber se ele est\u00e1 seguindo essa cronograma ou n\u00e3o. 1 Geometria do Espa\u00e7o Euclidiano Aula 1&#8230;<\/p>\n","protected":false},"author":1,"featured_media":0,"parent":0,"menu_order":0,"comment_status":"closed","ping_status":"closed","template":"","meta":{"_mi_skip_tracking":false},"_links":{"self":[{"href":"https:\/\/gradmat.ufabc.edu.br\/disciplinas\/cvt\/wp-json\/wp\/v2\/pages\/8"}],"collection":[{"href":"https:\/\/gradmat.ufabc.edu.br\/disciplinas\/cvt\/wp-json\/wp\/v2\/pages"}],"about":[{"href":"https:\/\/gradmat.ufabc.edu.br\/disciplinas\/cvt\/wp-json\/wp\/v2\/types\/page"}],"author":[{"embeddable":true,"href":"https:\/\/gradmat.ufabc.edu.br\/disciplinas\/cvt\/wp-json\/wp\/v2\/users\/1"}],"replies":[{"embeddable":true,"href":"https:\/\/gradmat.ufabc.edu.br\/disciplinas\/cvt\/wp-json\/wp\/v2\/comments?post=8"}],"version-history":[{"count":5,"href":"https:\/\/gradmat.ufabc.edu.br\/disciplinas\/cvt\/wp-json\/wp\/v2\/pages\/8\/revisions"}],"predecessor-version":[{"id":61,"href":"https:\/\/gradmat.ufabc.edu.br\/disciplinas\/cvt\/wp-json\/wp\/v2\/pages\/8\/revisions\/61"}],"wp:attachment":[{"href":"https:\/\/gradmat.ufabc.edu.br\/disciplinas\/cvt\/wp-json\/wp\/v2\/media?parent=8"}],"curies":[{"name":"wp","href":"https:\/\/api.w.org\/{rel}","templated":true}]}}