

{"id":6,"date":"2013-01-19T20:50:40","date_gmt":"2013-01-19T20:50:40","guid":{"rendered":"http:\/\/gradmat.ufabc.edu.br\/disciplinas\/fvv\/?page_id=6"},"modified":"2025-03-29T20:57:38","modified_gmt":"2025-03-29T20:57:38","slug":"listas","status":"publish","type":"page","link":"https:\/\/gradmat.ufabc.edu.br\/disciplinas\/fvv\/listas\/","title":{"rendered":"Listas de exerc\u00edcios"},"content":{"rendered":"<h2>Listas de exerc\u00edcios<\/h2>\n<h4><span style=\"color: #ff0000\">Consulte o professor da sua turma para saber se ele est\u00e1 adotando essas listas ou n\u00e3o.<\/span><\/h4>\n<ul>\n<li><a href=\"http:\/\/gradmat.ufabc.edu.br\/disciplinas\/fvv\/wp-content\/uploads\/sites\/7\/2024\/03\/Lista_1_FVV.pdf\">Lista 1<\/a>(atualizada 29\/03\/2025)<\/li>\n<li><a href=\"http:\/\/gradmat.ufabc.edu.br\/disciplinas\/fvv\/wp-content\/uploads\/sites\/7\/2025\/03\/Lista_2_FVV.pdf\">Lista 2<\/a>(atualizada 29\/03\/2025)<\/li>\n<li><a href=\"http:\/\/gradmat.ufabc.edu.br\/disciplinas\/fvv\/wp-content\/uploads\/sites\/7\/2025\/03\/Lista_3_FVV.pdf\">Lista 3<\/a> (atualizada 29\/03\/2025)<\/li>\n<li><a href=\"http:\/\/gradmat.ufabc.edu.br\/disciplinas\/fvv\/wp-content\/uploads\/sites\/7\/2024\/05\/Lista_4_FVV.pdf\">Lista_4<\/a> (atualizada 21\/05\/2024)<\/li>\n<li><a href=\"http:\/\/gradmat.ufabc.edu.br\/disciplinas\/fvv\/wp-content\/uploads\/sites\/7\/2024\/05\/Lista_5_FVV.pdf\">Lista_5<\/a> (atualizada 21\/05\/2024)<\/li>\n<li><a href=\"http:\/\/gradmat.ufabc.edu.br\/disciplinas\/fvv\/wp-content\/uploads\/sites\/7\/2024\/04\/Lista_6_FVV.pdf\">Lista_6<\/a> (atualizada 21\/05\/2024)<\/li>\n<li><a href=\"http:\/\/gradmat.ufabc.edu.br\/disciplinas\/fvv\/wp-content\/uploads\/sites\/7\/2024\/04\/Lista_7_FVV.pdf\">Lista_7<\/a> (atualizada 22\/04\/2024)<\/li>\n<li><a href=\"http:\/\/gradmat.ufabc.edu.br\/disciplinas\/listas\/fuv\/tabela-derivadas-e-integrais.pdf\">Tabela de Derivadas e Integrais<\/a><\/li>\n<\/ul>\n","protected":false},"excerpt":{"rendered":"<p>Listas de exerc\u00edcios Consulte o professor da sua turma para saber se ele est\u00e1 adotando essas listas ou n\u00e3o. Lista 1(atualizada 29\/03\/2025) Lista&#8230;<\/p>\n","protected":false},"author":1,"featured_media":0,"parent":0,"menu_order":0,"comment_status":"open","ping_status":"open","template":"","meta":{"_mi_skip_tracking":false},"_links":{"self":[{"href":"https:\/\/gradmat.ufabc.edu.br\/disciplinas\/fvv\/wp-json\/wp\/v2\/pages\/6"}],"collection":[{"href":"https:\/\/gradmat.ufabc.edu.br\/disciplinas\/fvv\/wp-json\/wp\/v2\/pages"}],"about":[{"href":"https:\/\/gradmat.ufabc.edu.br\/disciplinas\/fvv\/wp-json\/wp\/v2\/types\/page"}],"author":[{"embeddable":true,"href":"https:\/\/gradmat.ufabc.edu.br\/disciplinas\/fvv\/wp-json\/wp\/v2\/users\/1"}],"replies":[{"embeddable":true,"href":"https:\/\/gradmat.ufabc.edu.br\/disciplinas\/fvv\/wp-json\/wp\/v2\/comments?post=6"}],"version-history":[{"count":29,"href":"https:\/\/gradmat.ufabc.edu.br\/disciplinas\/fvv\/wp-json\/wp\/v2\/pages\/6\/revisions"}],"predecessor-version":[{"id":360,"href":"https:\/\/gradmat.ufabc.edu.br\/disciplinas\/fvv\/wp-json\/wp\/v2\/pages\/6\/revisions\/360"}],"wp:attachment":[{"href":"https:\/\/gradmat.ufabc.edu.br\/disciplinas\/fvv\/wp-json\/wp\/v2\/media?parent=6"}],"curies":[{"name":"wp","href":"https:\/\/api.w.org\/{rel}","templated":true}]}}