

{"id":9,"date":"2013-01-19T20:16:47","date_gmt":"2013-01-19T20:16:47","guid":{"rendered":"http:\/\/gradmat.ufabc.edu.br\/disciplinas\/ga\/?page_id=9"},"modified":"2022-07-18T14:49:36","modified_gmt":"2022-07-18T14:49:36","slug":"notas-de-aulas","status":"publish","type":"page","link":"https:\/\/gradmat.ufabc.edu.br\/disciplinas\/ga\/notas-de-aulas\/","title":{"rendered":"Notas de Aulas"},"content":{"rendered":"<div>\n<h1>Geometria Anal\u00edtica e Vetorial &#8211; \u00a0Sinue Lodovici, Rafael Grisi e \u00a0Daniel Miranda<\/h1>\n<\/div>\n<div><strong>Aviso:<\/strong> Estamos revisando as notas de aulas, assim as vers\u00f5es posteriores podem apresentar mudan\u00e7as <del>(esperamos que n\u00e3o muito profundas)<\/del> de estilo e conte\u00fado.<\/div>\n<div>N\u00f3s tamb\u00e9m ficar\u00edamos muito gratos se nos fossem enviadas sugest\u00f5es de melhorias ou que nos fossem apontados erros porventura encontrados.<\/div>\n<div><strong>Downloads<\/strong><\/div>\n<ul>\n<li><a href=\"https:\/\/danielmiranda.prof.ufabc.edu.br\/livros\/geometria-analitica\/geometriaanaliticaevetorial-SGD.pdf\">Notas de Aula<\/a> Vers\u00e3o 14 -18 de Julho de 2022<\/li>\n<li><a href=\"https:\/\/danielmiranda.prof.ufabc.edu.br\/livros\/geometria-analitica\/geometriaanaliticaevetorial-SGD-fontegrande.pdf\">Notas de Aula Fonte grande<\/a> Vers\u00e3o 14 -18 de Julho de 2022<\/li>\n<li><a href=\"http:\/\/hostel.ufabc.edu.br\/~daniel.miranda\/livros\/geometria-analitica\/geometriaanaliticaevetorial-SGD-fontegrande.pdf\">Notas de Aula Fonte grande<\/a><a href=\"http:\/\/gradmat.ufabc.edu.br\/disciplinas\/ga\/wp-content\/uploads\/sites\/4\/2022\/06\/geometria-garrafais.pdf\"> fundo preto<\/a> Vers\u00e3o 14- 15 de junho de 2022<\/li>\n<\/ul>\n<p><strong>\u00a0Vers\u00e3o Online<\/strong><\/p>\n<ul>\n<li>Vers\u00e3o em Html <a href=\"https:\/\/danielmiranda.prof.ufabc.edu.br\/livros\/geometria-analitica\/geometria.html\">geometria.html<\/a><\/li>\n<\/ul>\n\n\n<p><\/p>\n","protected":false},"excerpt":{"rendered":"<p>Geometria Anal\u00edtica e Vetorial &#8211; \u00a0Sinue Lodovici, Rafael Grisi e \u00a0Daniel Miranda Aviso: Estamos revisando as notas de aulas, assim as vers\u00f5es posteriores&#8230;<\/p>\n","protected":false},"author":1,"featured_media":0,"parent":0,"menu_order":0,"comment_status":"closed","ping_status":"open","template":"","meta":{"_mi_skip_tracking":false},"_links":{"self":[{"href":"https:\/\/gradmat.ufabc.edu.br\/disciplinas\/ga\/wp-json\/wp\/v2\/pages\/9"}],"collection":[{"href":"https:\/\/gradmat.ufabc.edu.br\/disciplinas\/ga\/wp-json\/wp\/v2\/pages"}],"about":[{"href":"https:\/\/gradmat.ufabc.edu.br\/disciplinas\/ga\/wp-json\/wp\/v2\/types\/page"}],"author":[{"embeddable":true,"href":"https:\/\/gradmat.ufabc.edu.br\/disciplinas\/ga\/wp-json\/wp\/v2\/users\/1"}],"replies":[{"embeddable":true,"href":"https:\/\/gradmat.ufabc.edu.br\/disciplinas\/ga\/wp-json\/wp\/v2\/comments?post=9"}],"version-history":[{"count":25,"href":"https:\/\/gradmat.ufabc.edu.br\/disciplinas\/ga\/wp-json\/wp\/v2\/pages\/9\/revisions"}],"predecessor-version":[{"id":321,"href":"https:\/\/gradmat.ufabc.edu.br\/disciplinas\/ga\/wp-json\/wp\/v2\/pages\/9\/revisions\/321"}],"wp:attachment":[{"href":"https:\/\/gradmat.ufabc.edu.br\/disciplinas\/ga\/wp-json\/wp\/v2\/media?parent=9"}],"curies":[{"name":"wp","href":"https:\/\/api.w.org\/{rel}","templated":true}]}}