

{"id":33,"date":"2013-02-15T16:41:43","date_gmt":"2013-02-15T16:41:43","guid":{"rendered":"http:\/\/gradmat.ufabc.edu.br\/disciplinas\/iedo\/?page_id=33"},"modified":"2019-09-24T23:56:40","modified_gmt":"2019-09-24T23:56:40","slug":"videos-e-outros-materiais","status":"publish","type":"page","link":"https:\/\/gradmat.ufabc.edu.br\/disciplinas\/iedo\/videos-e-outros-materiais\/","title":{"rendered":"V\u00eddeos"},"content":{"rendered":"<p><span style=\"color: #444444\">\u00a0<\/span><\/p>\n<h1><span style=\"color: #444444\">Cursos Unicamp &#8211; C\u00e1lculo III &#8211; Univesp TV<\/span><\/h1>\n<ul>\n<li><a href=\"https:\/\/www.youtube.com\/watch?v=lempeC72Tyg&amp;list=PLFBA21F349930F92F&amp;index=1\" data-rel=\"lightbox-video-0\"><span style=\"color: #21759b\"><span style=\"font-family: 'Open Sans', Helvetica, Arial, sans-serif\"><span style=\"font-size: small\">Introdu\u00e7\u00e3o &#8211; Parte 1<\/span><\/span><\/span><\/a><\/li>\n<li><a href=\"https:\/\/www.youtube.com\/watch?v=5waZ5E7F-ew&amp;list=PLFBA21F349930F92F&amp;index=2\" data-rel=\"lightbox-video-1\"><span style=\"color: #21759b\"><span style=\"font-family: 'Open Sans', Helvetica, Arial, sans-serif\"><span style=\"font-size: small\">Introdu\u00e7\u00e3o &#8211; Parte 2<\/span><\/span><\/span><\/a><\/li>\n<li><a href=\"https:\/\/www.youtube.com\/watch?v=el8Pwa6ztAQ&amp;list=PLFBA21F349930F92F&amp;index=3\" data-rel=\"lightbox-video-2\"><span style=\"color: #21759b\"><span style=\"font-family: 'Open Sans', Helvetica, Arial, sans-serif\"><span style=\"font-size: small\">Equa\u00e7\u00f5es Separ\u00e1veis e M\u00e9todos de Substitui\u00e7\u00e3o &#8211; Parte 1<\/span><\/span><\/span><\/a><\/li>\n<li><a href=\"https:\/\/www.youtube.com\/watch?v=VGsIyKQInyk&amp;list=PLFBA21F349930F92F&amp;index=4\" data-rel=\"lightbox-video-3\"><span style=\"color: #21759b\"><span style=\"font-family: 'Open Sans', Helvetica, Arial, sans-serif\"><span style=\"font-size: small\">Equa\u00e7\u00f5es Separ\u00e1veis e M\u00e9todos de Substitui\u00e7\u00e3o &#8211; Parte 2<\/span><\/span><\/span><\/a><\/li>\n<li><a href=\"https:\/\/www.youtube.com\/watch?v=_HiODd5x-cs&amp;list=PLFBA21F349930F92F&amp;index=5\" data-rel=\"lightbox-video-4\"><span style=\"color: #21759b\"><span style=\"font-family: 'Open Sans', Helvetica, Arial, sans-serif\"><span style=\"font-size: small\">Equa\u00e7\u00f5es Exatas, Fatores Integrantes &#8211; Parte1<\/span><\/span><\/span><\/a><\/li>\n<li><a href=\"https:\/\/www.youtube.com\/watch?v=Y5rpaYzRkJA&amp;list=PLFBA21F349930F92F&amp;index=6\" data-rel=\"lightbox-video-5\"><span style=\"color: #21759b\"><span style=\"font-family: 'Open Sans', Helvetica, Arial, sans-serif\"><span style=\"font-size: small\">Equa\u00e7\u00f5es Exatas, Fatores Integrantes &#8211; Parte 2<\/span><\/span><\/span><\/a><\/li>\n<li><a href=\"https:\/\/www.youtube.com\/watch?v=01FK-H7Kbpk&amp;list=PLFBA21F349930F92F&amp;index=7\" data-rel=\"lightbox-video-6\"><span style=\"color: #21759b\"><span style=\"font-family: 'Open Sans', Helvetica, Arial, sans-serif\"><span style=\"font-size: small\">Teorema de Exist\u00eancia e Unicidade &#8211; Parte 1<\/span><\/span><\/span><\/a><\/li>\n<li><a href=\"https:\/\/www.youtube.com\/watch?v=B18fCS7laQw&amp;list=PLFBA21F349930F92F&amp;index=8\" data-rel=\"lightbox-video-7\"><span style=\"color: #21759b\"><span style=\"font-family: 'Open Sans', Helvetica, Arial, sans-serif\"><span style=\"font-size: small\">Teorema de Exist\u00eancia e Unicidade &#8211; Parte 2<\/span><\/span><\/span><\/a><\/li>\n<li><a href=\"https:\/\/www.youtube.com\/watch?v=2MxBPMOu69Y&amp;list=PLFBA21F349930F92F&amp;index=9\" data-rel=\"lightbox-video-8\"><span style=\"color: #21759b\"><span style=\"font-family: 'Open Sans', Helvetica, Arial, sans-serif\"><span style=\"font-size: small\">E.D.O Linear de 2\u00aa Ordem; Wronskiano &#8211; Parte 1<\/span><\/span><\/span><\/a><\/li>\n<li><a href=\"https:\/\/www.youtube.com\/watch?v=deSbiyiyYYk&amp;list=PLFBA21F349930F92F&amp;index=10\" data-rel=\"lightbox-video-9\"><span style=\"color: #21759b\"><span style=\"font-family: 'Open Sans', Helvetica, Arial, sans-serif\"><span style=\"font-size: small\">E.D.O Linear de 2\u00aa Ordem; Wronskiano &#8211; Parte 2<\/span><\/span><\/span><\/a><\/li>\n<li><a href=\"https:\/\/www.youtube.com\/watch?v=qpePb6jrVBs&amp;list=PLFBA21F349930F92F&amp;index=11\" data-rel=\"lightbox-video-10\"><span style=\"color: #21759b\"><span style=\"font-family: 'Open Sans', Helvetica, Arial, sans-serif\"><span style=\"font-size: small\">F\u00f3rmula de Abel; E.D.O Homog\u00eanea de Coeficientes Constantes &#8211;<\/span><\/span><\/span><\/a><\/li>\n<li><a href=\"https:\/\/www.youtube.com\/watch?v=HdP4bZDA4vE&amp;list=PLFBA21F349930F92F&amp;index=12\" data-rel=\"lightbox-video-11\"><span style=\"color: #21759b\"><span style=\"font-family: 'Open Sans', Helvetica, Arial, sans-serif\"><span style=\"font-size: small\">F\u00f3rmula de Abel; E.D.O Homog\u00eanea de Coeficientes Constantes &#8211;<\/span><\/span><\/span><\/a><\/li>\n<li><a href=\"https:\/\/www.youtube.com\/watch?v=TM_uhRgXfvA&amp;list=PLFBA21F349930F92F&amp;index=13\" data-rel=\"lightbox-video-12\"><span style=\"color: #21759b\"><span style=\"font-family: 'Open Sans', Helvetica, Arial, sans-serif\"><span style=\"font-size: small\">Equa\u00e7\u00f5es de Euler, Redu\u00e7\u00e3o de Ordem &#8211; Parte 1<\/span><\/span><\/span><\/a><\/li>\n<li><a href=\"https:\/\/www.youtube.com\/watch?v=HSwfq1pH8VE&amp;list=PLFBA21F349930F92F&amp;index=14\" data-rel=\"lightbox-video-13\"><span style=\"color: #21759b\"><span style=\"font-family: 'Open Sans', Helvetica, Arial, sans-serif\"><span style=\"font-size: small\">Equa\u00e7\u00f5es de Euler, Redu\u00e7\u00e3o de Ordem &#8211; Parte 2<\/span><\/span><\/span><\/a><\/li>\n<li><a href=\"https:\/\/www.youtube.com\/watch?v=ef_-20O-Y5I&amp;list=PLFBA21F349930F92F&amp;index=15\" data-rel=\"lightbox-video-14\"><span style=\"color: #21759b\"><span style=\"font-family: 'Open Sans', Helvetica, Arial, sans-serif\"><span style=\"font-size: small\">M\u00e9todo dos Coeficientes Indeterminados &#8211; Parte 1<\/span><\/span><\/span><\/a><\/li>\n<li><a href=\"https:\/\/www.youtube.com\/watch?v=2Vo5CFtftd4&amp;list=PLFBA21F349930F92F&amp;index=16\" data-rel=\"lightbox-video-15\"><span style=\"color: #21759b\"><span style=\"font-family: 'Open Sans', Helvetica, Arial, sans-serif\"><span style=\"font-size: small\">M\u00e9todo dos Coeficientes Indeterminados &#8211; Parte 2<\/span><\/span><\/span><\/a><\/li>\n<li><a href=\"https:\/\/www.youtube.com\/watch?v=KlhO-aISAx8&amp;list=PLFBA21F349930F92F&amp;index=17\" data-rel=\"lightbox-video-16\"><span style=\"color: #21759b\"><span style=\"font-family: 'Open Sans', Helvetica, Arial, sans-serif\"><span style=\"font-size: small\">Equa\u00e7\u00f5es N\u00e3o Homog\u00eaneas, Varia\u00e7\u00e3o De Par\u00e2metros &#8211; 1<\/span><\/span><\/span><\/a><\/li>\n<li><a href=\"https:\/\/www.youtube.com\/watch?v=AviIX_L7zvU&amp;list=PLFBA21F349930F92F&amp;index=18\" data-rel=\"lightbox-video-17\"><span style=\"color: #21759b\"><span style=\"font-family: 'Open Sans', Helvetica, Arial, sans-serif\"><span style=\"font-size: small\">Equa\u00e7\u00f5es N\u00e3o Homog\u00eaneas, Varia\u00e7\u00e3o De Par\u00e2metros &#8211; 2<\/span><\/span><\/span><\/a><\/li>\n<li><a href=\"https:\/\/www.youtube.com\/watch?v=bNiw3CMGsK4&amp;list=PLFBA21F349930F92F&amp;index=19\" data-rel=\"lightbox-video-18\"><span style=\"color: #21759b\"><span style=\"font-family: 'Open Sans', Helvetica, Arial, sans-serif\"><span style=\"font-size: small\">Defini\u00e7\u00e3o da Transformada de Laplace e C\u00e1lculo de Transformadas &#8211; parte 1<\/span><\/span><\/span><\/a><\/li>\n<li><a href=\"https:\/\/www.youtube.com\/watch?v=7npqDO4sJJ4&amp;list=PLFBA21F349930F92F&amp;index=20\" data-rel=\"lightbox-video-19\"><span style=\"color: #21759b\"><span style=\"font-family: 'Open Sans', Helvetica, Arial, sans-serif\"><span style=\"font-size: small\">Defini\u00e7\u00e3o da Transformada de Laplace e C\u00e1lculo de Transformadas &#8211; parte 2<\/span><\/span><\/span><\/a><\/li>\n<li><a name=\"__mceDel\"><\/a> <em><a href=\"https:\/\/www.youtube.com\/watch?v=FQY6EFpQnWQ&amp;list=PLFBA21F349930F92F&amp;index=21\" data-rel=\"lightbox-video-20\"><span style=\"color: #21759b\"><span style=\"font-family: 'Open Sans', Helvetica, Arial, sans-serif\"><span style=\"font-size: small\">Transformada da Derivada e da Integral; Fra\u00e7\u00f5es Parciais &#8211; Parte 1<\/span><\/span><\/span><\/a><\/em><\/li>\n<li><a name=\"__mceDel1\"><\/a><a name=\"__mceDel2\"><\/a> <em><a href=\"https:\/\/www.youtube.com\/watch?v=3cYKiIpiLuo&amp;list=PLFBA21F349930F92F&amp;index=22\" data-rel=\"lightbox-video-21\"><span style=\"color: #21759b\"><span style=\"font-family: 'Open Sans', Helvetica, Arial, sans-serif\"><span style=\"font-size: small\">Transformada da Derivada e da Integral; Fra\u00e7\u00f5es Parciais &#8211; Parte 2<\/span><\/span><\/span><\/a><\/em><\/li>\n<li><a name=\"__mceDel3\"><\/a><a name=\"__mceDel4\"><\/a> <em><a href=\"https:\/\/www.youtube.com\/watch?v=t7jE0YIyVFs&amp;list=PLFBA21F349930F92F&amp;index=23\" data-rel=\"lightbox-video-22\"><span style=\"color: #21759b\"><span style=\"font-family: 'Open Sans', Helvetica, Arial, sans-serif\"><span style=\"font-size: small\">Derivada e Integral da Transformada; Integral de Convolu\u00e7\u00e3o &#8211; parte 1<\/span><\/span><\/span><\/a><\/em><\/li>\n<li><em><a href=\"https:\/\/www.youtube.com\/watch?v=ihmuGerz05c&amp;list=PLFBA21F349930F92F&amp;index=24\" data-rel=\"lightbox-video-23\"><span style=\"color: #21759b\"><span style=\"font-family: 'Open Sans', Helvetica, Arial, sans-serif\"><span style=\"font-size: small\">Derivada e Integral da Transformada; Integral de Convolu\u00e7\u00e3o &#8211; parte 2<\/span><\/span><\/span><\/a><\/em><\/li>\n<li><a name=\"__mceDel6\"><\/a> <em><a href=\"https:\/\/www.youtube.com\/watch?v=SA8TxzhPQ-I&amp;list=PLFBA21F349930F92F&amp;index=25\" data-rel=\"lightbox-video-24\"><span style=\"color: #21759b\"><span style=\"font-family: 'Open Sans', Helvetica, Arial, sans-serif\"><span style=\"font-size: small\">Equa\u00e7\u00f5es sob A\u00e7\u00e3o de Fun\u00e7\u00f5es Descont\u00ednuas; Fun\u00e7\u00e3o Degrau; parte 1<\/span><\/span><\/span><\/a><\/em><\/li>\n<li><em><a href=\"https:\/\/www.youtube.com\/watch?v=LiXFcX87eSM&amp;list=PLFBA21F349930F92F&amp;index=26\" data-rel=\"lightbox-video-25\"><span style=\"color: #21759b\"><span style=\"font-family: 'Open Sans', Helvetica, Arial, sans-serif\"><span style=\"font-size: small\">Equa\u00e7\u00f5es sob A\u00e7\u00e3o de Fun\u00e7\u00f5es Descont\u00ednuas; Fun\u00e7\u00e3o Degrau; Parte 2<\/span><\/span><\/span><\/a><\/em><\/li>\n<li><em><a href=\"https:\/\/www.youtube.com\/watch?v=-81_31633gQ&amp;list=PLFBA21F349930F92F&amp;index=27\" data-rel=\"lightbox-video-26\"><span style=\"color: #21759b\"><span style=\"font-family: 'Open Sans', Helvetica, Arial, sans-serif\"><span style=\"font-size: small\">C\u00e1lculo III &#8211; Fun\u00e7\u00e3o Impulso; Delta de Dirac &#8211; Parte 1<\/span><\/span><\/span><\/a><\/em><\/li>\n<li><em><a href=\"https:\/\/www.youtube.com\/watch?v=4blJR4ZExko&amp;list=PLFBA21F349930F92F&amp;index=28\" data-rel=\"lightbox-video-27\"><span style=\"color: #21759b\"><span style=\"font-family: 'Open Sans', Helvetica, Arial, sans-serif\"><span style=\"font-size: small\">C\u00e1lculo III &#8211; Fun\u00e7\u00e3o Impulso; Delta de Dirac &#8211; Parte 2<\/span><\/span><\/span><\/a><\/em><\/li>\n<li><em><a href=\"https:\/\/www.youtube.com\/watch?v=IL7uLqJ2zcU&amp;list=PLFBA21F349930F92F&amp;index=29\" data-rel=\"lightbox-video-28\"><span style=\"color: #21759b\"><span style=\"font-family: 'Open Sans', Helvetica, Arial, sans-serif\"><span style=\"font-size: small\">Sistema de Equa\u00e7\u00f5es Lineares, Coeficientes Constantes &#8211; Autovalores Reais &#8211; parte1<\/span><\/span><\/span><\/a><\/em><\/li>\n<li><em><a href=\"https:\/\/www.youtube.com\/watch?v=oM3mXg2jBA4&amp;list=PLFBA21F349930F92F&amp;index=30\" data-rel=\"lightbox-video-29\"><span style=\"color: #21759b\"><span style=\"font-family: 'Open Sans', Helvetica, Arial, sans-serif\"><span style=\"font-size: small\">Sistema de Equa\u00e7\u00f5es Lineares, Coeficientes Constantes &#8211; Autovalores Reais &#8211; parte 2<\/span><\/span><\/span><\/a><\/em><\/li>\n<li><em><a href=\"https:\/\/www.youtube.com\/watch?v=pVwU-3PLtnY&amp;list=PLFBA21F349930F92F&amp;index=31\" data-rel=\"lightbox-video-30\"><span style=\"color: #21759b\"><span style=\"font-family: 'Open Sans', Helvetica, Arial, sans-serif\"><span style=\"font-size: small\">Sistema de Equa\u00e7\u00f5es Lineares Homog\u00eaneas, Autovalores Complexos &#8211; parte 1<\/span><\/span><\/span><\/a><\/em><\/li>\n<li><em><a href=\"https:\/\/www.youtube.com\/watch?v=oo5Ut1bYVx8&amp;list=PLFBA21F349930F92F&amp;index=32\" data-rel=\"lightbox-video-31\"><span style=\"color: #21759b\"><span style=\"font-family: 'Open Sans', Helvetica, Arial, sans-serif\"><span style=\"font-size: small\">Sistema de Equa\u00e7\u00f5es Lineares Homog\u00eaneas, Autovalores Complexos &#8211; parte 2<\/span><\/span><\/span><\/a><\/em><\/li>\n<li><a name=\"__mceDel14\"><\/a> <em><a href=\"https:\/\/www.youtube.com\/watch?v=GAXOW_BaifI&amp;list=PLFBA21F349930F92F&amp;index=33\" data-rel=\"lightbox-video-32\"><span style=\"color: #21759b\"><span style=\"font-family: 'Open Sans', Helvetica, Arial, sans-serif\"><span style=\"font-size: small\">Autovalores Repetidos &#8211; Parte 1<\/span><\/span><\/span><\/a><\/em><\/li>\n<li><a name=\"__mceDel15\"><\/a> <em><a href=\"https:\/\/www.youtube.com\/watch?v=FQq46peJrHY&amp;list=PLFBA21F349930F92F&amp;index=34\" data-rel=\"lightbox-video-33\"><span style=\"color: #21759b\"><span style=\"font-family: 'Open Sans', Helvetica, Arial, sans-serif\"><span style=\"font-size: small\">Autovalores Repetidos &#8211; Parte 2<\/span><\/span><\/span><\/a><\/em><\/li>\n<li><a name=\"__mceDel16\"><\/a> <em><a href=\"https:\/\/www.youtube.com\/watch?v=n1DQChhJpMc&amp;list=PLFBA21F349930F92F&amp;index=35\" data-rel=\"lightbox-video-34\"><span style=\"color: #21759b\"><span style=\"font-family: 'Open Sans', Helvetica, Arial, sans-serif\"><span style=\"font-size: small\">Sequ\u00eancias Num\u00e9ricas &#8211; parte 1<\/span><\/span><\/span><\/a><\/em><\/li>\n<li><a name=\"__mceDel17\"><\/a> <em><a href=\"https:\/\/www.youtube.com\/watch?v=QQ5B5fPYFQc&amp;list=PLFBA21F349930F92F&amp;index=36\" data-rel=\"lightbox-video-35\"><span style=\"color: #21759b\"><span style=\"font-family: 'Open Sans', Helvetica, Arial, sans-serif\"><span style=\"font-size: small\">Sequ\u00eancias Num\u00e9ricas &#8211; parte 2<\/span><\/span><\/span><\/a><\/em><\/li>\n<li><a name=\"__mceDel18\"><\/a> <em><a href=\"https:\/\/www.youtube.com\/watch?v=JiWKLACcRME&amp;list=PLFBA21F349930F92F&amp;index=37\" data-rel=\"lightbox-video-36\"><span style=\"color: #21759b\"><span style=\"font-family: 'Open Sans', Helvetica, Arial, sans-serif\"><span style=\"font-size: small\">S\u00e9ries Num\u00e9ricas; Testes de Converg\u00eancia &#8211; Parte<\/span><\/span><\/span><\/a><\/em><\/li>\n<li><a name=\"__mceDel19\"><\/a><a name=\"__mceDel20\"><\/a><a name=\"__mceDel21\"><\/a><a name=\"__mceDel22\"><\/a> <em><a href=\"https:\/\/www.youtube.com\/watch?v=AVUjsHZ9Um4&amp;list=PLFBA21F349930F92F&amp;index=38\" data-rel=\"lightbox-video-37\"><span style=\"color: #21759b\"><span style=\"font-family: 'Open Sans', Helvetica, Arial, sans-serif\"><span style=\"font-size: small\">S\u00e9ries Num\u00e9ricas; Testes de Converg\u00eancia &#8211; Parte 2<\/span><\/span><\/span><\/a><\/em><\/li>\n<li><a name=\"__mceDel23\"><\/a><a name=\"__mceDel24\"><\/a><a name=\"__mceDel25\"><\/a><a name=\"__mceDel26\"><\/a><a name=\"__mceDel27\"><\/a> <em><a href=\"https:\/\/www.youtube.com\/watch?v=W9BCFKULvaU&amp;list=PLFBA21F349930F92F&amp;index=39\" data-rel=\"lightbox-video-38\"><span style=\"color: #21759b\"><span style=\"font-family: 'Open Sans', Helvetica, Arial, sans-serif\"><span style=\"font-size: small\">Testes de Converg\u00eancia e das S\u00e9ries Alternadas &#8211; Parte 1<\/span><\/span><\/span><\/a><\/em><\/li>\n<li><a name=\"__mceDel28\"><\/a> <em><a href=\"https:\/\/www.youtube.com\/watch?v=cb0apXI5SaM&amp;list=PLFBA21F349930F92F&amp;index=40\" data-rel=\"lightbox-video-39\"><span style=\"color: #21759b\"><span style=\"font-family: 'Open Sans', Helvetica, Arial, sans-serif\"><span style=\"font-size: small\">Testes de Converg\u00eancia e das S\u00e9ries Alternadas &#8211; Parte 2<\/span><\/span><\/span><\/a><\/em><\/li>\n<li><a name=\"__mceDel29\"><\/a> <em><a href=\"https:\/\/www.youtube.com\/watch?v=w1M69ifBFX4&amp;list=PLFBA21F349930F92F&amp;index=41\" data-rel=\"lightbox-video-40\"><span style=\"color: #21759b\"><span style=\"font-family: 'Open Sans', Helvetica, Arial, sans-serif\"><span style=\"font-size: small\">S\u00e9ries de Pot\u00eancias &#8211; Parte 1<\/span><\/span><\/span><\/a><\/em><\/li>\n<li><a href=\"https:\/\/www.youtube.com\/watch?v=PXmcPSLZxmQ&amp;list=PLFBA21F349930F92F&amp;index=42\" data-rel=\"lightbox-video-41\"><span style=\"color: #21759b\"><span style=\"font-family: 'Open Sans', Helvetica, Arial, sans-serif\"><span style=\"font-size: small\">S\u00e9ries de Pot\u00eancias &#8211; Parte 2<\/span><\/span><\/span><\/a><\/li>\n<li><a href=\"https:\/\/www.youtube.com\/watch?v=8STPRjedg44&amp;list=PLFBA21F349930F92F&amp;index=43\" data-rel=\"lightbox-video-42\"><span style=\"color: #21759b\"><span style=\"font-family: 'Open Sans', Helvetica, Arial, sans-serif\"><span style=\"font-size: small\">S\u00e9rie de Pot\u00eancias em Ponto Ordin\u00e1rio &#8211; Parte 1<\/span><\/span><\/span><\/a><\/li>\n<li><a href=\"https:\/\/www.youtube.com\/watch?v=C1FRI5CRQIo&amp;list=PLFBA21F349930F92F&amp;index=44\" data-rel=\"lightbox-video-43\"><span style=\"color: #21759b\"><span style=\"font-family: 'Open Sans', Helvetica, Arial, sans-serif\"><span style=\"font-size: small\">S\u00e9rie de Pot\u00eancias em Ponto Ordin\u00e1rio &#8211; Parte 2<\/span><\/span><\/span><\/a><\/li>\n<li><a href=\"https:\/\/www.youtube.com\/watch?v=-xnGlLO4nbM&amp;list=PLFBA21F349930F92F&amp;index=45\" data-rel=\"lightbox-video-44\"><span style=\"color: #21759b\"><span style=\"font-family: 'Open Sans', Helvetica, Arial, sans-serif\"><span style=\"font-size: small\">Exemplos; Ponto Singular Regular &#8211; Parte 1<\/span><\/span><\/span><\/a><\/li>\n<li><a href=\"https:\/\/www.youtube.com\/watch?v=gPoVK0acKCE&amp;list=PLFBA21F349930F92F&amp;index=46\" data-rel=\"lightbox-video-45\"><span style=\"color: #21759b\"><span style=\"font-family: 'Open Sans', Helvetica, Arial, sans-serif\"><span style=\"font-size: small\">Exemplos; Ponto Singular Regular &#8211; Parte 2<\/span><\/span><\/span><\/a><\/li>\n<li><a href=\"https:\/\/www.youtube.com\/watch?v=B_bjR1xeGCU&amp;list=PLFBA21F349930F92F&amp;index=47\" data-rel=\"lightbox-video-46\"><span style=\"color: #21759b\"><span style=\"font-family: 'Open Sans', Helvetica, Arial, sans-serif\"><span style=\"font-size: small\">S\u00e9ries de Pot\u00eancias em Ponto Singular Regular &#8211; Parte 1<\/span><\/span><\/span><\/a><\/li>\n<li><a href=\"https:\/\/www.youtube.com\/watch?v=YnGY-dHNKYE&amp;list=PLFBA21F349930F92F&amp;index=48\" data-rel=\"lightbox-video-47\"><span style=\"color: #21759b\"><span style=\"font-family: 'Open Sans', Helvetica, Arial, sans-serif\"><span style=\"font-size: small\">S\u00e9ries de Pot\u00eancias em Ponto Singular Regular &#8211; Parte 2<\/span><\/span><\/span><\/a><\/li>\n<li><a href=\"https:\/\/www.youtube.com\/watch?v=dSIwvBQ7AzQ&amp;list=PLFBA21F349930F92F&amp;index=49\" data-rel=\"lightbox-video-48\"><span style=\"color: #21759b\"><span style=\"font-family: 'Open Sans', Helvetica, Arial, sans-serif\"><span style=\"font-size: small\">Solu\u00e7\u00e3o em S\u00e9rie; Ponto Singular Regular &#8211; Parte 1<\/span><\/span><\/span><\/a><\/li>\n<li><a href=\"https:\/\/www.youtube.com\/watch?v=5KV5flB5cHA&amp;list=PLFBA21F349930F92F&amp;index=50\" data-rel=\"lightbox-video-49\"><span style=\"color: #21759b\"><span style=\"font-family: 'Open Sans', Helvetica, Arial, sans-serif\"><span style=\"font-size: small\">Solu\u00e7\u00e3o em S\u00e9rie; Ponto Singular Regular &#8211; Parte 2<\/span><\/span><\/span><\/a><\/li>\n<li><a href=\"https:\/\/www.youtube.com\/watch?v=vEd-7rDFXNg&amp;list=PLFBA21F349930F92F&amp;index=51\" data-rel=\"lightbox-video-50\"><span style=\"color: #21759b\"><span style=\"font-family: 'Open Sans', Helvetica, Arial, sans-serif\"><span style=\"font-size: small\">S\u00e9ries de Fourier &#8211; Parte 1<\/span><\/span><\/span><\/a><\/li>\n<li><a href=\"https:\/\/www.youtube.com\/watch?v=p3-yeI9LINU&amp;list=PLFBA21F349930F92F&amp;index=52\" data-rel=\"lightbox-video-51\"><span style=\"color: #21759b\"><span style=\"font-family: 'Open Sans', Helvetica, Arial, sans-serif\"><span style=\"font-size: small\">S\u00e9ries de Fourier &#8211; Parte 2<\/span><\/span><\/span><\/a><\/li>\n<li><a href=\"https:\/\/www.youtube.com\/watch?v=AZh6vZQmRSQ&amp;list=PLFBA21F349930F92F&amp;index=53\" data-rel=\"lightbox-video-52\"><span style=\"color: #21759b\"><span style=\"font-family: 'Open Sans', Helvetica, Arial, sans-serif\"><span style=\"font-size: small\">Fun\u00e7\u00f5es Pares e \u00cdmpares; Extens\u00e3o Peri\u00f3dica &#8211; Parte 1<\/span><\/span><\/span><\/a><\/li>\n<li><a href=\"https:\/\/www.youtube.com\/watch?v=0Rv2_xLrCm8&amp;list=PLFBA21F349930F92F&amp;index=54\" data-rel=\"lightbox-video-53\"><span style=\"color: #21759b\"><span style=\"font-family: 'Open Sans', Helvetica, Arial, sans-serif\"><span style=\"font-size: small\">Fun\u00e7\u00f5es Pares e \u00cdmpares; Extens\u00e3o Peri\u00f3dica &#8211; Parte 2<\/span><\/span><\/span><\/a><\/li>\n<li><a href=\"https:\/\/www.youtube.com\/watch?v=zc9WbbIJMjI&amp;list=PLFBA21F349930F92F&amp;index=55\" data-rel=\"lightbox-video-54\"><span style=\"color: #21759b\"><span style=\"font-family: 'Open Sans', Helvetica, Arial, sans-serif\"><span style=\"font-size: small\">Separa\u00e7\u00e3o de Vari\u00e1veis; Equa\u00e7\u00e3o do Calor &#8211; Parte 1<\/span><\/span><\/span><\/a><\/li>\n<li><a href=\"https:\/\/www.youtube.com\/watch?v=hhUXVJVlTes&amp;list=PLFBA21F349930F92F&amp;index=56\" data-rel=\"lightbox-video-55\"><span style=\"color: #21759b\"><span style=\"font-family: 'Open Sans', Helvetica, Arial, sans-serif\"><span style=\"font-size: small\">Separa\u00e7\u00e3o de Vari\u00e1veis; Equa\u00e7\u00e3o do Calor &#8211; Parte 2<\/span><\/span><\/span><\/a><\/li>\n<li><a href=\"https:\/\/www.youtube.com\/watch?v=ybwwDTRCzCA&amp;list=PLFBA21F349930F92F&amp;index=57\" data-rel=\"lightbox-video-56\"><span style=\"color: #21759b\"><span style=\"font-family: 'Open Sans', Helvetica, Arial, sans-serif\"><span style=\"font-size: small\">Equa\u00e7\u00e3o da Onda e de Laplace &#8211; Parte 1<\/span><\/span><\/span><\/a><\/li>\n<li><a href=\"https:\/\/www.youtube.com\/watch?v=mIXFe3BDM2s&amp;list=PLFBA21F349930F92F&amp;index=58\" data-rel=\"lightbox-video-57\"><span style=\"color: #21759b\"><span style=\"font-family: 'Open Sans', Helvetica, Arial, sans-serif\"><span style=\"font-size: small\">Equa\u00e7\u00e3o da Onda e de Laplace &#8211; Parte 2<\/span><\/span><\/span><\/a><\/li>\n<\/ul>\n<p>&nbsp;<\/p>\n","protected":false},"excerpt":{"rendered":"<p>\u00a0 Cursos Unicamp &#8211; C\u00e1lculo III &#8211; Univesp TV Introdu\u00e7\u00e3o &#8211; Parte 1 Introdu\u00e7\u00e3o &#8211; Parte 2 Equa\u00e7\u00f5es Separ\u00e1veis e M\u00e9todos de Substitui\u00e7\u00e3o&#8230;<\/p>\n","protected":false},"author":1,"featured_media":0,"parent":0,"menu_order":8,"comment_status":"open","ping_status":"closed","template":"","meta":{"_mi_skip_tracking":false},"_links":{"self":[{"href":"https:\/\/gradmat.ufabc.edu.br\/disciplinas\/iedo\/wp-json\/wp\/v2\/pages\/33"}],"collection":[{"href":"https:\/\/gradmat.ufabc.edu.br\/disciplinas\/iedo\/wp-json\/wp\/v2\/pages"}],"about":[{"href":"https:\/\/gradmat.ufabc.edu.br\/disciplinas\/iedo\/wp-json\/wp\/v2\/types\/page"}],"author":[{"embeddable":true,"href":"https:\/\/gradmat.ufabc.edu.br\/disciplinas\/iedo\/wp-json\/wp\/v2\/users\/1"}],"replies":[{"embeddable":true,"href":"https:\/\/gradmat.ufabc.edu.br\/disciplinas\/iedo\/wp-json\/wp\/v2\/comments?post=33"}],"version-history":[{"count":4,"href":"https:\/\/gradmat.ufabc.edu.br\/disciplinas\/iedo\/wp-json\/wp\/v2\/pages\/33\/revisions"}],"predecessor-version":[{"id":68,"href":"https:\/\/gradmat.ufabc.edu.br\/disciplinas\/iedo\/wp-json\/wp\/v2\/pages\/33\/revisions\/68"}],"wp:attachment":[{"href":"https:\/\/gradmat.ufabc.edu.br\/disciplinas\/iedo\/wp-json\/wp\/v2\/media?parent=33"}],"curies":[{"name":"wp","href":"https:\/\/api.w.org\/{rel}","templated":true}]}}