

{"id":6,"date":"2013-01-19T20:33:23","date_gmt":"2013-01-19T20:33:23","guid":{"rendered":"http:\/\/gradmat.ufabc.edu.br\/disciplinas\/iedo\/?page_id=6"},"modified":"2019-09-24T23:54:06","modified_gmt":"2019-09-24T23:54:06","slug":"cronograma","status":"publish","type":"page","link":"https:\/\/gradmat.ufabc.edu.br\/disciplinas\/iedo\/cronograma\/","title":{"rendered":"Cronograma"},"content":{"rendered":"<h1>Cronograma Sugerido<\/h1>\n<h3 class=\"western\"><span style=\"color: #ff3333\"><span style=\"font-family: Georgia, 'Times New Roman', 'Bitstream Charter', Times, serif\">ATEN\u00c7\u00c3O: esse \u00e9 apenas um cronograma sugerido. Consulte o professor da sua turma para saber o cronograma seguido por ele, bem como as as datas exatas das avalia\u00e7\u00f5es\u00a0(incluindo substitutiva e exame).<\/span><\/span><\/h3>\n<p><strong>Semana 1<\/strong><\/p>\n<ul>\n<li>Introdu\u00e7\u00e3o \u00e0s equa\u00e7\u00f5es diferenciais e modelos matem\u00e1ticos. Solu\u00e7\u00f5es de equa\u00e7\u00f5es particulares. Classifica\u00e7\u00e3o.<\/li>\n<li>Equa\u00e7\u00f5es diferenciais de 1\u00aa ordem: equa\u00e7\u00f5es separ\u00e1veis e equa\u00e7\u00f5es homog\u00eaneas.<\/li>\n<\/ul>\n<p><strong>Semana 2<\/strong><\/p>\n<ul>\n<li>Equa\u00e7\u00f5es diferenciais de primeira ordem: fator integrante (constru\u00e7\u00e3o e exemplos).<\/li>\n<\/ul>\n<p><strong>Semana 3<\/strong><\/p>\n<ul>\n<li>Aplica\u00e7\u00f5es de Equa\u00e7\u00f5es Diferenciais de Primeira Ordem: problemas de modelagem (parte I).<\/li>\n<\/ul>\n<p><strong>Semana 4<\/strong><\/p>\n<ul>\n<li>Aplica\u00e7\u00f5es de Equa\u00e7\u00f5es Diferenciais de Primeira Ordem: problemas de modelagem (parte II). Equa\u00e7\u00f5es Aut\u00f4nomas.<\/li>\n<\/ul>\n<p><strong>Semana 5<\/strong><\/p>\n<ul>\n<li>Diferen\u00e7as entre EDOs lineares e n\u00e3o-lineares.<\/li>\n<li>Teorema de Exist\u00eancia e Unicidade. Aplica\u00e7\u00f5es.<\/li>\n<\/ul>\n<p><strong>Semana 6<br \/>\n<\/strong><\/p>\n<ul>\n<li>Exerc\u00edcios e Prova<\/li>\n<\/ul>\n<p><strong>Semana 7<\/strong><\/p>\n<ul>\n<li>EDOs lineares de segunda ordem com coeficientes constantes: ra\u00edzes reais e distintas.<\/li>\n<li>Wronskiano.<\/li>\n<\/ul>\n<p><strong>Semana 8<\/strong><\/p>\n<ul>\n<li>EDOs lineares de segunda ordem com coeficientes constantes: ra\u00edzes complexas e ra\u00edzes repetidas.<\/li>\n<li>Redu\u00e7\u00e3o de ordem.<\/li>\n<\/ul>\n<p><strong>Semana 9<\/strong><\/p>\n<ul>\n<li>Equa\u00e7\u00f5es n\u00e3o-homog\u00eaneas: coeficientes indeterminados e varia\u00e7\u00e3o dos par\u00e2metros.<\/li>\n<\/ul>\n<p><strong>Semana 10<\/strong><\/p>\n<ul>\n<li>Modelos mec\u00e2nicos e el\u00e9tricos: oscila\u00e7\u00f5es, resson\u00e2ncia. Oscila\u00e7\u00f5es for\u00e7adas.<\/li>\n<li>Sistemas de Equa\u00e7\u00f5es diferenciais lineares.<\/li>\n<\/ul>\n<p><strong>Semana 11<\/strong><\/p>\n<ul>\n<li>EDOs de ordem superior.<\/li>\n<li>Exerc\u00edcios<\/li>\n<\/ul>\n<p><strong>Semanas 12<\/strong><\/p>\n<ul>\n<li>Prova<\/li>\n<\/ul>\n","protected":false},"excerpt":{"rendered":"<p>Cronograma Sugerido ATEN\u00c7\u00c3O: esse \u00e9 apenas um cronograma sugerido. Consulte o professor da sua turma para saber o cronograma seguido por ele, bem&#8230;<\/p>\n","protected":false},"author":1,"featured_media":0,"parent":0,"menu_order":2,"comment_status":"open","ping_status":"closed","template":"","meta":{"_mi_skip_tracking":false},"_links":{"self":[{"href":"https:\/\/gradmat.ufabc.edu.br\/disciplinas\/iedo\/wp-json\/wp\/v2\/pages\/6"}],"collection":[{"href":"https:\/\/gradmat.ufabc.edu.br\/disciplinas\/iedo\/wp-json\/wp\/v2\/pages"}],"about":[{"href":"https:\/\/gradmat.ufabc.edu.br\/disciplinas\/iedo\/wp-json\/wp\/v2\/types\/page"}],"author":[{"embeddable":true,"href":"https:\/\/gradmat.ufabc.edu.br\/disciplinas\/iedo\/wp-json\/wp\/v2\/users\/1"}],"replies":[{"embeddable":true,"href":"https:\/\/gradmat.ufabc.edu.br\/disciplinas\/iedo\/wp-json\/wp\/v2\/comments?post=6"}],"version-history":[{"count":6,"href":"https:\/\/gradmat.ufabc.edu.br\/disciplinas\/iedo\/wp-json\/wp\/v2\/pages\/6\/revisions"}],"predecessor-version":[{"id":295,"href":"https:\/\/gradmat.ufabc.edu.br\/disciplinas\/iedo\/wp-json\/wp\/v2\/pages\/6\/revisions\/295"}],"wp:attachment":[{"href":"https:\/\/gradmat.ufabc.edu.br\/disciplinas\/iedo\/wp-json\/wp\/v2\/media?parent=6"}],"curies":[{"name":"wp","href":"https:\/\/api.w.org\/{rel}","templated":true}]}}