

{"id":61,"date":"2013-04-14T02:00:22","date_gmt":"2013-04-14T02:00:22","guid":{"rendered":"http:\/\/gradmat.ufabc.edu.br\/disciplinas\/iedo\/?page_id=61"},"modified":"2019-09-24T23:56:24","modified_gmt":"2019-09-24T23:56:24","slug":"softwares","status":"publish","type":"page","link":"https:\/\/gradmat.ufabc.edu.br\/disciplinas\/iedo\/softwares\/","title":{"rendered":"Softwares"},"content":{"rendered":"<h1>Wolfram Alpha<\/h1>\n<p>P\u00e1gina\u00a0<a href=\"http:\/\/www.wolframalpha.com\/\">http:\/\/www.wolframalpha.com\/<\/a><\/p>\n<p>Veja os exemplos :<\/p>\n<ul>\n<li>Gr\u00e1ficos:\u00a0<a href=\"http:\/\/www.wolframalpha.com\/examples\/PlottingAndGraphics.html\">http:\/\/www.wolframalpha.com\/examples\/PlottingAndGraphics.html<\/a><\/li>\n<li>C\u00e1lculo:\u00a0<a href=\"http:\/\/www.wolframalpha.com\/examples\/Calculus.html\">http:\/\/www.wolframalpha.com\/examples\/Calculus.html<\/a><\/li>\n<li>Equa\u00e7\u00f5es diferenciais: <a href=\"https:\/\/www.wolframalpha.com\/examples\/DifferentialEquations.html\">https:\/\/www.wolframalpha.com\/examples\/DifferentialEquations.html<\/a><\/li>\n<\/ul>\n<h1>Symbolab<\/h1>\n<p>P\u00e1gina\u00a0<a href=\"http:\/\/www.symbolab.com\/\">http:\/\/www.symbolab.com\/<\/a><\/p>\n<p>Veja os exemplos sobre equa\u00e7\u00f5es diferenciais: https:\/\/www.symbolab.com\/solver\/step-by-step\/y%5E%7B&#8217;%20%7D%2B%5Cfrac%7By%7D%7Bx%7D%3Dx%5E%7B2%7D\/?origin=blog<\/p>\n<p>\u00c9 poss\u00edvel\u00a0inclusive ver o passo-a-passo para se chegar nas solu\u00e7\u00f5es gratuitamente\u00a0(diferentemente do wolframalpha, que cobra para isso)<\/p>\n<h1>Maxima<\/h1>\n<p>Segundo os seus criadores:<\/p>\n<blockquote><p>O Maxima \u00e9 um software para manipula\u00e7\u00e3o de express\u00f5es simb\u00f3licas e num\u00e9ricas, incluindo<strong>\u00a0diferencia\u00e7\u00e3o, integra\u00e7\u00e3o<\/strong>, expans\u00e3o em series de Taylor, transformadas de Laplace, resolu\u00e7\u00e3o de equa\u00e7\u00f5es diferenciais ordin\u00e1rias, sistemas de equa\u00e7\u00f5es lineares, manipula\u00e7\u00e3o de vetores, matrizes e tensores. O M\u00e1xima tamb\u00e9m faz gr\u00e1ficos de fun\u00e7\u00f5es e dados em duas e tr\u00eas dimens\u00f5es.<\/p><\/blockquote>\n<p>De modo mais geral, o M\u00e1xima \u00e9 um exemplo de\u00a0<strong>Sistema de \u00c1lgebra Computacional<\/strong>, que abreviaremos por CAS (do ingl\u00eas \u00a0c<em>omputer algebra system<\/em>). Os CAS \u00a0s\u00e3o softwares que facilitam a realiza\u00e7\u00e3o de manipula\u00e7\u00f5es matem\u00e1ticas simb\u00f3licas como<strong>\u00a0limites derivadas e integrais.<\/strong><\/p>\n<h2>Instala\u00e7\u00e3o:<\/h2>\n<h3>\u00a0Em Windows<\/h3>\n<div><\/div>\n<div>Para obter o Maxima, v\u00e1 \u00e0 p\u00e1gina de download do programa\u00a0no SourceForge:<\/div>\n<div><\/div>\n<div><a href=\"http:\/\/sourceforge.net\/projects\/maxima\/files\/\">http:\/\/sourceforge.net\/projects\/maxima\/files\/<\/a><\/div>\n<div><\/div>\n<div>Na lista de arquivos, selecione &#8220;Maxima-Windows&#8221;, depois\u00a0selecione a vers\u00e3o mais recente dentro de Windows, e em seguida<\/div>\n<div>selecione o arquivo &#8220;maxima-?.??.exe&#8221;. (Durante a escrita dessa dessa p\u00e1gina, a vers\u00e3o mais recente \u00a0do maxima \u00a0era\u00a0maxima-5.21.1.exe)<\/div>\n<p>Execute o maxima-?.??.exe e sempre responda que sim a todas as\u00a0perguntas. Certifique-se de que pediu para adicionar um atalho para\u00a0o wxMaxima na sua \u00e1rea de trabalho.<\/p>\n<h3>\u00a0Em Linux (Ubuntu ou Debian)<\/h3>\n<div>Instale o pacote &#8220;wxmaxima&#8221;. Ele aparecer\u00e1 no menu de aplicativos,<\/div>\n<div>em Science -&gt; Mathematics -&gt; wxMaxima<\/div>\n<h2>Tutoriais, Manuais e Livros<\/h2>\n<ul>\n<li><a href=\"http:\/\/www.ime.unicamp.br\/~marcio\/ss2006\/grupo12.pdf\">APLICA\u00c7\u00d5ES DO\u00a0MAXIMA AO\u00a0C\u00c1LCULO III <\/a>-Guilherme Ariolli Salustiano<\/li>\n<li><a href=\"http:\/\/fisica.fe.up.pt\/maxima\/book\/sistdinam-1_2.pdf\">Introdu\u00e7\u00e3o aos sistemas din\u00e2micos: uma abordagem pr\u00e1tica com Maxima<\/a>\u00a0by Jaime E. Villate, Univ. of Porto<\/li>\n<li><a style=\"line-height: 1.714285714;font-size: 1rem\" href=\"http:\/\/hostel.ufabc.edu.br\/~daniel.miranda\/maxima\/maxcalc.pdf\">Maxima no C\u00e1lculo\u00a0<\/a><span style=\"line-height: 1.714285714;font-size: 1rem\">&#8211; Ulysses Sodr\u00e9, Andrielber da Silva Oliveira, S\u00f4nia Ferreira Lopes Toffoli,Giovana Alves, Isabela Belansson<\/span><\/li>\n<li><a href=\"http:\/\/www.csulb.edu\/~woollett\/mbe3ode1.pdf\">Maxima by Example &#8211; ODE<\/a> -Edwin L. Woollett<\/li>\n<li>I<a href=\"http:\/\/hostel.ufabc.edu.br\/~daniel.miranda\/maxima\/Maxima_Bruna_Santos_2009.pdf\">ntrodu\u00e7\u00e3o ao Software Maxima<\/a>\u00a0by Bruna Santos, Univ. of Porto.<\/li>\n<li><a href=\"http:\/\/hostel.ufabc.edu.br\/~daniel.miranda\/maxima\/maxima_pt.pdf\">Manual do Maxima\u00a0<\/a>\u00a0\u2013 Traduzido por Jorge Barros de Abreu<\/li>\n<\/ul>\n<h1><\/h1>\n<h1><span style=\"font-size: 1.5rem;line-height: 1.5\">Mathematica\u00a0<\/span><\/h1>\n<p style=\"padding-left: 30px\">Mathematica \u00e9 um programa de computador, originalmente concebido por Stephen Wolfram, e continuamente desenvolvido pela empresa Wolfram Research, que implementa um sistema de \u00e1lgebra computacional. Para al\u00e9m de uma linguagem de programa\u00e7\u00e3o, cont\u00e9m diversas bibliotecas de programa\u00e7\u00e3o prontas a serem usadas em diversos fins em v\u00e1rias \u00e1reas das ci\u00eancias exatas. (Wikipedia)<\/p>\n<p><a href=\"http:\/\/www.wolfram.com\/\">Site do Mathematica<\/a><\/p>\n<p>&nbsp;<\/p>\n<h2>Livros de EDO&#8217;s com Mathematica<\/h2>\n<ul>\n<li><span style=\"line-height: 1.714285714;font-size: 1rem\"><a href=\"http:\/\/gradmat.ufabc.edu.br\/disciplinas\/listas\/livros\/FaleirosAritmeticaAlgebraeCalculocomoMathematica.pdf\">Aritm\u00e9tica, \u00c1lgebra e C\u00e1lculo com o Mathematica<\/a>\u00a0Antonio Faleiros<\/span><\/li>\n<li><a style=\"line-height: 13.993056297302246px;font-size: 1rem\" href=\"http:\/\/books.google.com.br\/books?id=ip5ykpsbXygC&amp;printsec=frontcover&amp;hl=pt-BR&amp;source=gbs_atb#v=onepage&amp;q&amp;f=false\">Differential Equations with Mathematica &#8211;<\/a><span style=\"line-height: 13.993056297302246px;font-size: 1rem\"> Martha L. Abell, James P. Braselton<\/span><\/li>\n<li>Introduction to ordinary differential equations with Mathematica: an integrated multimedia approach &#8211;\u00a0Alfred Gray, Michael Mezzino, Mark A. Pinsky<\/li>\n<li><a href=\"http:\/\/books.google.com.br\/books?id=SJvTB01K2ekC&amp;printsec=frontcover&amp;dq=mathematica+differential+equations&amp;hl=pt-BR&amp;sa=X&amp;ei=BgFqUeGLJIS30QHl3YGwDg&amp;ved=0CDcQ6AEwAQ#v=onepage&amp;q=mathematica%20differential%20equations&amp;f=false\">Differential Equations: An Introduction with Mathematica<\/a> &#8211;\u00a0\u00a0Clay C. Ross<\/li>\n<\/ul>\n<h2>Tutoriais, Manual e Documenta\u00e7\u00e3o<\/h2>\n<ul>\n<li><span style=\"line-height: 13.993056297302246px\">\u00a0Documenta\u00e7\u00e3o\u00a0<a href=\"http:\/\/reference.wolfram.com\/mathematica\/guide\/Mathematica.html\">http:\/\/reference.wolfram.com\/mathematica\/guide\/Mathematica.html<\/a><br \/>\n<\/span><\/li>\n<li><a href=\"http:\/\/math.georgiasouthern.edu\/math\/computer\/ABGMATHs1.pdf\">A Beginner&#8217;s Guide to Mathematica <\/a>&#8211; Georgia Southern University<\/li>\n<\/ul>\n<h2><\/h2>\n<p>&nbsp;<\/p>\n<p>&nbsp;<\/p>\n<p>&nbsp;<\/p>\n<p>&nbsp;<\/p>\n","protected":false},"excerpt":{"rendered":"<p>Wolfram Alpha P\u00e1gina\u00a0http:\/\/www.wolframalpha.com\/ Veja os exemplos : Gr\u00e1ficos:\u00a0http:\/\/www.wolframalpha.com\/examples\/PlottingAndGraphics.html C\u00e1lculo:\u00a0http:\/\/www.wolframalpha.com\/examples\/Calculus.html Equa\u00e7\u00f5es diferenciais: https:\/\/www.wolframalpha.com\/examples\/DifferentialEquations.html Symbolab P\u00e1gina\u00a0http:\/\/www.symbolab.com\/ Veja os exemplos sobre equa\u00e7\u00f5es diferenciais: https:\/\/www.symbolab.com\/solver\/step-by-step\/y%5E%7B&#8217;%20%7D%2B%5Cfrac%7By%7D%7Bx%7D%3Dx%5E%7B2%7D\/?origin=blog \u00c9 poss\u00edvel\u00a0inclusive&#8230;<\/p>\n","protected":false},"author":1,"featured_media":0,"parent":0,"menu_order":6,"comment_status":"open","ping_status":"closed","template":"","meta":{"_mi_skip_tracking":false},"_links":{"self":[{"href":"https:\/\/gradmat.ufabc.edu.br\/disciplinas\/iedo\/wp-json\/wp\/v2\/pages\/61"}],"collection":[{"href":"https:\/\/gradmat.ufabc.edu.br\/disciplinas\/iedo\/wp-json\/wp\/v2\/pages"}],"about":[{"href":"https:\/\/gradmat.ufabc.edu.br\/disciplinas\/iedo\/wp-json\/wp\/v2\/types\/page"}],"author":[{"embeddable":true,"href":"https:\/\/gradmat.ufabc.edu.br\/disciplinas\/iedo\/wp-json\/wp\/v2\/users\/1"}],"replies":[{"embeddable":true,"href":"https:\/\/gradmat.ufabc.edu.br\/disciplinas\/iedo\/wp-json\/wp\/v2\/comments?post=61"}],"version-history":[{"count":18,"href":"https:\/\/gradmat.ufabc.edu.br\/disciplinas\/iedo\/wp-json\/wp\/v2\/pages\/61\/revisions"}],"predecessor-version":[{"id":219,"href":"https:\/\/gradmat.ufabc.edu.br\/disciplinas\/iedo\/wp-json\/wp\/v2\/pages\/61\/revisions\/219"}],"wp:attachment":[{"href":"https:\/\/gradmat.ufabc.edu.br\/disciplinas\/iedo\/wp-json\/wp\/v2\/media?parent=61"}],"curies":[{"name":"wp","href":"https:\/\/api.w.org\/{rel}","templated":true}]}}