

{"id":3,"date":"2013-04-13T19:38:36","date_gmt":"2013-04-13T19:38:36","guid":{"rendered":"http:\/\/gradmat.ufabc.edu.br\/disciplinas\/numerico\/?page_id=3"},"modified":"2021-05-20T18:28:30","modified_gmt":"2021-05-20T18:28:30","slug":"calculo-numerico","status":"publish","type":"page","link":"https:\/\/gradmat.ufabc.edu.br\/disciplinas\/numerico\/","title":{"rendered":"C\u00e1lculo Num\u00e9rico"},"content":{"rendered":"<h2>C\u00e1lculo Num\u00e9rico<a href=\"http:\/\/gradmat.ufabc.edu.br\/disciplinas\/numerico\/wp-content\/uploads\/sites\/12\/2013\/04\/numerico.png\" data-rel=\"lightbox-image-0\" data-rl_title=\"\" data-rl_caption=\"\" title=\"\"><img decoding=\"async\" loading=\"lazy\" class=\" wp-image-27 alignright\" src=\"http:\/\/gradmat.ufabc.edu.br\/disciplinas\/numerico\/wp-content\/uploads\/sites\/12\/2013\/04\/numerico.png\" alt=\"numerico\" width=\"200\" height=\"832\" \/><\/a><\/h2>\n<p>Esta p\u00e1gina tem por objetivo servir de apoio aos estudantes da disciplina de C\u00e1lculo Num\u00e9rico. Aqui voc\u00ea encontrar\u00e1 listas de exerc\u00edcios, assim como outras informa\u00e7\u00f5es \u00fateis. Clicando no link de cada professor, quando dispon\u00edvel, voc\u00ea poder\u00e1 encontrar informa\u00e7\u00f5es espec\u00edficas de sua turma.<\/p>\n<h2>\u00a0 \u00a0DISCIPLINAS PR\u00c9VIAS RECOMENDADAS:<\/h2>\n<ul>\n<li>Veja o grafo de<a href=\"http:\/\/gradmat.ufabc.edu.br\/disciplinas\/wp-content\/uploads\/2013\/01\/recomendacoes2.pdf\" target=\"_blank\" rel=\"noopener noreferrer\">\u00a0recomenda\u00e7\u00f5es<\/a><\/li>\n<\/ul>\n<h1>Ementa<\/h1>\n<ul>\n<li style=\"list-style-type: none\">\n<p lang=\"en-US\" align=\"left\"><span style=\"color: #000000\"><span style=\"font-family: Arial,sans-serif\"><span style=\"font-size: medium\"><span style=\"color: #262626\"><span lang=\"pt-BR\">Aritm\u00e9tica de ponto flutuante: Erros absolutos e relativos; Arredondamento e truncamento; Zeros de Fun\u00e7\u00f5es Reais: M\u00e9todos de quebra \u2013 bisse\u00e7\u00e3o \/ falsa posi\u00e7\u00e3o; M\u00e9todos de ponto fixo \u2013 iterativo linear \/ Newton-Raphson; M\u00e9todos de M\u00faltiplos passos \u2013 secantes. Resolu\u00e7\u00e3o de Sistemas de Equa\u00e7\u00f5es Lineares: M\u00e9todos diretos \u2013 Cramer \/ elimina\u00e7\u00e3o de Gauss, decomposi\u00e7\u00e3o A = LU; M\u00e9todos iterativos \u2013 Jacobi \/Gauss-Seidel. Ajustamento de Curvas pelo M\u00e9todo dos M\u00ednimos Quadrados: Interpola\u00e7\u00e3o Polinomial: Exist\u00eancia e unicidade do polin\u00f4mio Interpolador; <\/span><\/span><span style=\"color: #262626\"><span lang=\"pt-BR\">Polin\u00f4mio interpolador de: Lagrange, Newton e Gregory-Newton; Estudo do \u00a0erro. Integra\u00e7\u00e3o num\u00e9rica: M\u00e9todos de Newton-Cotes; Trap\u00e9zios; Simpson; Estudo do erro.\u00a0Solu\u00e7\u00e3o Num\u00e9rica de Equa\u00e7\u00f5es Diferencias Ordin\u00e1rias: M\u00e9todos de Taylor e de Runge-Kutta.<\/span><\/span><\/span><\/span><\/span><\/p>\n<h2>Bibliografia B\u00e1sica<\/h2>\n<\/li>\n<li><span style=\"font-family: Arial,sans-serif\"><span style=\"font-size: medium\"><span lang=\"pt-BR\">BARROS, I. Q. <\/span><span lang=\"pt-BR\"><b>Introdu\u00e7\u00e3o ao c\u00e1lculo num\u00e9rico<\/b><\/span><span lang=\"pt-BR\">. S\u00e3o Paulo: Edgar Bl\u00fccher, 1972.<\/span><\/span><\/span><\/li>\n<li><span style=\"font-family: Arial,sans-serif\"><span style=\"font-size: medium\"><span lang=\"pt-BR\">BARROSO, L. C. <\/span><span lang=\"pt-BR\"><b>C\u00e1lculo Num\u00e9rico (com aplica\u00e7\u00f5es)<\/b><\/span><span lang=\"pt-BR\">. 2. ed. S\u00e3o Paulo: Harbra, 1987.<\/span><\/span><\/span><\/li>\n<li><span style=\"font-family: Arial,sans-serif\"><span style=\"font-size: medium\"><span lang=\"pt-BR\">BURDEN, R. L.; FAIRES, J. D. <\/span><span lang=\"pt-BR\"><b>An\u00e1lise num\u00e9rica<\/b><\/span><span lang=\"pt-BR\">. S\u00e3o Paulo: Pioneira, 2003.<\/span><\/span><\/span><\/li>\n<li><span style=\"font-family: Arial,sans-serif\"><span style=\"font-size: medium\"><span lang=\"pt-BR\">FRANCO, N. B. <\/span><span lang=\"pt-BR\"><b>C\u00e1lculo num\u00e9rico<\/b><\/span><span lang=\"pt-BR\">. S\u00e3o Paulo: Prentice Hall, 2006.<\/span><\/span><\/span><\/li>\n<li><span style=\"font-family: Arial,sans-serif\"><span style=\"font-size: medium\"><span lang=\"pt-BR\">RUGGIERO, M. A. G.; LOPES, V. L. R. <\/span><span lang=\"pt-BR\"><b>C\u00e1lculo Num\u00e9rico<\/b><\/span><span lang=\"pt-BR\">: aspectos te\u00f3ricos e computacionais. 2. ed. S\u00e3o Paulo: Makron Books, 1996.<\/span><\/span><\/span><\/li>\n<\/ul>\n<h2>\u00a0 \u00a0 Bibliografia Complementar<\/h2>\n<ul>\n<li><span style=\"font-family: Arial,sans-serif\"><span style=\"font-size: medium\"><span lang=\"pt-BR\">BURIAN, R.; LIMA, A. C.; HETEM JUNIOR, A. <\/span><span lang=\"pt-BR\"><b>C\u00e1lculo num\u00e9rico<\/b><\/span><span lang=\"pt-BR\">. Rio de Janeiro: LTC, 2007.<\/span><\/span><\/span><\/li>\n<li><span style=\"font-family: Arial,sans-serif\"><span style=\"font-size: medium\">OTTO, S.; DENIER J. P. <b>An Introduction to Programming and Numerical Methods in MATLAB<\/b>. London: Springer-Verlag, 2005.<\/span><\/span><\/li>\n<li><span style=\"font-family: Arial,sans-serif\"><span style=\"font-size: medium\"><span lang=\"pt-BR\">QUARTERONI A.; SALERI F. <\/span><span lang=\"pt-BR\"><b>C\u00c1LCULO CIENT\u00cdFICO com MATLAB e Octave<\/b><\/span><span lang=\"pt-BR\">. Mailand: Springer-Verlag, 2007.<\/span><\/span><\/span><\/li>\n<li><span style=\"font-family: Arial,sans-serif\"><span style=\"font-size: medium\"><span lang=\"pt-BR\">STARK, P. A. <\/span><span lang=\"pt-BR\"><b>Introdu\u00e7\u00e3o aos m\u00e9todos num\u00e9ricos<\/b><\/span><span lang=\"pt-BR\">. Rio de Janeiro: Interci\u00eancia, 1979.<\/span><\/span><\/span><\/li>\n<li><span style=\"font-family: Arial,sans-serif\"><span style=\"font-size: medium\">STOER, J.; BULIRSCH, R. <b>Introduction to Numerical Analysis<\/b>. New York: Springer-Verlag, 2002.<\/span><\/span><\/li>\n<li><span style=\"font-family: Arial,sans-serif\"><span style=\"font-size: medium\">WOODFORD C.; PHILLIPS, C. <b>Numerical Methods with Worked Examples<\/b>. London: Chapman &amp; Hall, 1997.<\/span><\/span><\/li>\n<\/ul>\n","protected":false},"excerpt":{"rendered":"<p>C\u00e1lculo Num\u00e9rico Esta p\u00e1gina tem por objetivo servir de apoio aos estudantes da disciplina de C\u00e1lculo Num\u00e9rico. Aqui voc\u00ea encontrar\u00e1 listas de exerc\u00edcios,&#8230;<\/p>\n","protected":false},"author":1,"featured_media":0,"parent":0,"menu_order":0,"comment_status":"open","ping_status":"open","template":"","meta":{"_mi_skip_tracking":false},"_links":{"self":[{"href":"https:\/\/gradmat.ufabc.edu.br\/disciplinas\/numerico\/wp-json\/wp\/v2\/pages\/3"}],"collection":[{"href":"https:\/\/gradmat.ufabc.edu.br\/disciplinas\/numerico\/wp-json\/wp\/v2\/pages"}],"about":[{"href":"https:\/\/gradmat.ufabc.edu.br\/disciplinas\/numerico\/wp-json\/wp\/v2\/types\/page"}],"author":[{"embeddable":true,"href":"https:\/\/gradmat.ufabc.edu.br\/disciplinas\/numerico\/wp-json\/wp\/v2\/users\/1"}],"replies":[{"embeddable":true,"href":"https:\/\/gradmat.ufabc.edu.br\/disciplinas\/numerico\/wp-json\/wp\/v2\/comments?post=3"}],"version-history":[{"count":14,"href":"https:\/\/gradmat.ufabc.edu.br\/disciplinas\/numerico\/wp-json\/wp\/v2\/pages\/3\/revisions"}],"predecessor-version":[{"id":184,"href":"https:\/\/gradmat.ufabc.edu.br\/disciplinas\/numerico\/wp-json\/wp\/v2\/pages\/3\/revisions\/184"}],"wp:attachment":[{"href":"https:\/\/gradmat.ufabc.edu.br\/disciplinas\/numerico\/wp-json\/wp\/v2\/media?parent=3"}],"curies":[{"name":"wp","href":"https:\/\/api.w.org\/{rel}","templated":true}]}}