

{"id":32,"date":"2013-07-24T17:00:53","date_gmt":"2013-07-24T17:00:53","guid":{"rendered":"http:\/\/gradmat.ufabc.edu.br\/disciplinas\/numerico\/?page_id=32"},"modified":"2019-09-24T22:19:36","modified_gmt":"2019-09-24T22:19:36","slug":"cronograma","status":"publish","type":"page","link":"https:\/\/gradmat.ufabc.edu.br\/disciplinas\/numerico\/cronograma\/","title":{"rendered":"Cronograma"},"content":{"rendered":"<h1>Cronograma Sugerido<\/h1>\n<p style=\"text-align: left\">O programa da disciplina \u00e9 o detalhamento da ementa, sendo\u00a0desenvolvido por cada\u00a0docente em fun\u00e7\u00e3o de suas escolhas did\u00e1tico-pedag\u00f3gicas e do enfoque que pretende dar ao curso. O programa de cada docente deve constar no Plano de Ensino apresentado \u00e0(s) sua(s) turma(s) no in\u00edcio do quadrimestre letivo.\u00a0<span style=\"color: #ff3333\"><span style=\"font-family: Georgia, 'Times New Roman', 'Bitstream Charter', Times, serif\">ATEN\u00c7\u00c3O: o cronograma mostrado abaixo \u00e9 apenas uma sugest\u00e3o. Consulte seu professor para saber o programa e o cronograma seguido por ele, bem como as as datas exatas das\u00a0 avalia\u00e7\u00f5es\u00a0(incluindo substitutiva e exame).<\/span><\/span><\/p>\n<p><span style=\"color: #444444\"><span style=\"font-family: Helvetica,serif\"><span style=\"font-size: small\"><b>Semana 1<\/b><\/span><\/span><\/span><\/p>\n<ul>\n<li><span style=\"color: #444444\"><span style=\"font-family: Helvetica,serif\"><span style=\"font-size: small\">Aritm\u00e9tica de Ponto Flutuante: representa\u00e7\u00e3o, convers\u00e3o, arredondamento e erros.<\/span><\/span><\/span><\/li>\n<li><span style=\"color: #444444\"><span style=\"font-family: Helvetica,serif\"><span style=\"font-size: small\">Aritm\u00e9tica de Ponto Flutuante: propaga\u00e7\u00e3o de erros e efeitos num\u00e9ricos.<\/span><\/span><\/span><\/li>\n<\/ul>\n<p><span style=\"color: #444444\"><span style=\"font-family: Helvetica,serif\"><span style=\"font-size: small\"><b>Semana 2<\/b><\/span><\/span><\/span><\/p>\n<ul>\n<li><span style=\"color: #444444\"><span style=\"font-family: Helvetica,serif\"><span style=\"font-size: small\">Ra\u00edzes de fun\u00e7\u00f5es: m\u00e9todos da bissec\u00e7\u00e3o e iterativo linear.<\/span><\/span><\/span><\/li>\n<li><span style=\"color: #444444\"><span style=\"font-family: Helvetica,serif\"><span style=\"font-size: small\">Ra\u00edzes de fun\u00e7\u00f5es: m\u00e9todos de Newton, secante e regula falsi.<\/span><\/span><\/span><\/li>\n<\/ul>\n<p><span style=\"color: #444444\"><span style=\"font-family: Helvetica,serif\"><span style=\"font-size: small\"><b>Semana 3<\/b><\/span><\/span><\/span><\/p>\n<ul>\n<li><span style=\"color: #444444\"><span style=\"font-family: Helvetica,serif\"><span style=\"font-size: small\">Exerc\u00edcios e Aplica\u00e7\u00f5es.<\/span><\/span><\/span><\/li>\n<li><span style=\"color: #444444\"><span style=\"font-family: Helvetica,serif\"><span style=\"font-size: small\">Sistemas Lineares: m\u00e9todos exatos (Gauss e decomposi\u00e7\u00e3o LU).<\/span><\/span><\/span><\/li>\n<\/ul>\n<p><span style=\"color: #444444\"><span style=\"font-family: Helvetica,serif\"><span style=\"font-size: small\"><b>Semana 4<\/b><\/span><\/span><\/span><\/p>\n<ul>\n<li><span style=\"color: #444444\"><span style=\"font-family: Helvetica,serif\"><span style=\"font-size: small\">Sistemas Lineares: m\u00e9todos iterativos (Jacobi-Richardson e Gauss-Seidel).<\/span><\/span><\/span><\/li>\n<li><span style=\"color: #444444\"><span style=\"font-family: Helvetica,serif\"><span style=\"font-size: small\">Exerc\u00edcios e Aplica\u00e7\u00f5es.<\/span><\/span><\/span><\/li>\n<\/ul>\n<p><span style=\"color: #444444\"><span style=\"font-family: Helvetica,serif\"><span style=\"font-size: small\"><b>Semana 5<\/b><\/span><\/span><\/span><\/p>\n<ul>\n<li><span style=\"color: #444444\"><span style=\"font-family: Helvetica,serif\"><span style=\"font-size: small\">M\u00e9todo dos M\u00ednimos Quadrados: caso discreto.<\/span><\/span><\/span><\/li>\n<li><span style=\"color: #444444\"><span style=\"font-family: Helvetica,serif\"><span style=\"font-size: small\">M\u00e9todo dos M\u00ednimos Quadrados: caso cont\u00ednuo.<\/span><\/span><\/span><\/li>\n<\/ul>\n<p><span style=\"color: #444444\"><span style=\"font-family: Helvetica,serif\"><span style=\"font-size: small\"><b>Semana 6<\/b><\/span><\/span><\/span><\/p>\n<ul>\n<li><span style=\"color: #444444\"><span style=\"font-family: Helvetica,serif\"><span style=\"font-size: small\">Exerc\u00edcios, Aplica\u00e7\u00f5es e Prova.<\/span><\/span><\/span><\/li>\n<\/ul>\n<p><span style=\"color: #444444\"><span style=\"font-family: Helvetica,serif\"><span style=\"font-size: small\"><b>Semana 7<\/b><\/span><\/span><\/span><\/p>\n<ul>\n<li><span style=\"color: #444444\"><span style=\"font-family: Helvetica,serif\"><span style=\"font-size: small\">Interpola\u00e7\u00e3o Polinomial: m\u00e9todos de Lagrange e Newton.<\/span><\/span><\/span><\/li>\n<li><span style=\"color: #444444\"><span style=\"font-family: Helvetica,serif\"><span style=\"font-size: small\">Interpola\u00e7\u00e3o Polinomial: estudo do erro.<\/span><\/span><\/span><\/li>\n<\/ul>\n<p><span style=\"color: #444444\"><span style=\"font-family: Helvetica,serif\"><span style=\"font-size: small\"><b>Semana 8<\/b><\/span><\/span><\/span><\/p>\n<ul>\n<li><span style=\"color: #444444\"><span style=\"font-family: Helvetica,serif\"><span style=\"font-size: small\">Exerc\u00edcios e Aplica\u00e7\u00f5es.<\/span><\/span><\/span><\/li>\n<li><span style=\"color: #444444\"><span style=\"font-family: Helvetica,serif\"><span style=\"font-size: small\">Integra\u00e7\u00e3o Num\u00e9rica: m\u00e9todos de Newton-Cotes.<\/span><\/span><\/span><\/li>\n<\/ul>\n<p><span style=\"color: #444444\"><span style=\"font-family: Helvetica,serif\"><span style=\"font-size: small\"><b>Semana 9<\/b><\/span><\/span><\/span><\/p>\n<ul>\n<li><span style=\"color: #444444\"><span style=\"font-family: Helvetica,serif\"><span style=\"font-size: small\">Integra\u00e7\u00e3o Num\u00e9rica: estudo do erro.<\/span><\/span><\/span><\/li>\n<li><span style=\"color: #444444\"><span style=\"font-family: Helvetica,serif\"><span style=\"font-size: small\">Exerc\u00edcios e Aplica\u00e7\u00f5es.<\/span><\/span><\/span><\/li>\n<\/ul>\n<p><span style=\"color: #444444\"><span style=\"font-family: Helvetica,serif\"><span style=\"font-size: small\"><b>Semana 10<\/b><\/span><\/span><\/span><\/p>\n<ul>\n<li><span style=\"color: #444444\"><span style=\"font-family: Helvetica,serif\"><span style=\"font-size: small\">Solu\u00e7\u00e3o Num\u00e9rica de EDO: m\u00e9todos de Taylor.<\/span><\/span><\/span><\/li>\n<li><span style=\"color: #444444\"><span style=\"font-family: Helvetica,serif\"><span style=\"font-size: small\">Solu\u00e7\u00e3o Num\u00e9rica de EDO: m\u00e9todos de Runge-Kutta.<\/span><\/span><\/span><\/li>\n<\/ul>\n<p><span style=\"color: #444444\"><span style=\"font-family: Helvetica,serif\"><span style=\"font-size: small\"><b>Semana 11<\/b><\/span><\/span><\/span><\/p>\n<ul>\n<li><span style=\"color: #444444\"><span style=\"font-family: Helvetica,serif\"><span style=\"font-size: small\">Solu\u00e7\u00e3o Num\u00e9rica de EDO: estudo do erro, consist\u00eancia e estabilidade.<\/span><\/span><\/span><\/li>\n<li><span style=\"color: #444444\"><span style=\"font-family: Helvetica,serif\"><span style=\"font-size: small\">Exerc\u00edcios e Aplica\u00e7\u00f5es.<\/span><\/span><\/span><\/li>\n<\/ul>\n<p><span style=\"color: #444444\"><span style=\"font-family: Helvetica,serif\"><span style=\"font-size: small\"><b>Semana 12<\/b><\/span><\/span><\/span><\/p>\n<ul>\n<li><span style=\"color: #444444\"><span style=\"font-family: Helvetica,serif\"><span style=\"font-size: small\">Exerc\u00edcios, Aplica\u00e7\u00f5es e Prova.<\/span><\/span><\/span><\/li>\n<\/ul>\n","protected":false},"excerpt":{"rendered":"<p>Cronograma Sugerido O programa da disciplina \u00e9 o detalhamento da ementa, sendo\u00a0desenvolvido por cada\u00a0docente em fun\u00e7\u00e3o de suas escolhas did\u00e1tico-pedag\u00f3gicas e do enfoque&#8230;<\/p>\n","protected":false},"author":1,"featured_media":0,"parent":0,"menu_order":0,"comment_status":"open","ping_status":"open","template":"","meta":{"_mi_skip_tracking":false},"_links":{"self":[{"href":"https:\/\/gradmat.ufabc.edu.br\/disciplinas\/numerico\/wp-json\/wp\/v2\/pages\/32"}],"collection":[{"href":"https:\/\/gradmat.ufabc.edu.br\/disciplinas\/numerico\/wp-json\/wp\/v2\/pages"}],"about":[{"href":"https:\/\/gradmat.ufabc.edu.br\/disciplinas\/numerico\/wp-json\/wp\/v2\/types\/page"}],"author":[{"embeddable":true,"href":"https:\/\/gradmat.ufabc.edu.br\/disciplinas\/numerico\/wp-json\/wp\/v2\/users\/1"}],"replies":[{"embeddable":true,"href":"https:\/\/gradmat.ufabc.edu.br\/disciplinas\/numerico\/wp-json\/wp\/v2\/comments?post=32"}],"version-history":[{"count":6,"href":"https:\/\/gradmat.ufabc.edu.br\/disciplinas\/numerico\/wp-json\/wp\/v2\/pages\/32\/revisions"}],"predecessor-version":[{"id":168,"href":"https:\/\/gradmat.ufabc.edu.br\/disciplinas\/numerico\/wp-json\/wp\/v2\/pages\/32\/revisions\/168"}],"wp:attachment":[{"href":"https:\/\/gradmat.ufabc.edu.br\/disciplinas\/numerico\/wp-json\/wp\/v2\/media?parent=32"}],"curies":[{"name":"wp","href":"https:\/\/api.w.org\/{rel}","templated":true}]}}